{"id":41133,"date":"2026-04-19T15:19:48","date_gmt":"2026-04-19T15:19:48","guid":{"rendered":"https:\/\/singuli.wpress.me\/index.php\/proizvod\/cocomelon-dvostrane-puzzle-zapocni-dan-2x24kom\/"},"modified":"2026-04-20T12:33:35","modified_gmt":"2026-04-20T12:33:35","slug":"cocomelon-dvostrane-puzzle-zapocni-dan-2x24kom","status":"publish","type":"product","link":"https:\/\/singuli.wpress.me\/index.php\/proizvod\/cocomelon-dvostrane-puzzle-zapocni-dan-2x24kom\/","title":{"rendered":"COCOMELON, dvostrane puzzle, Zapo\u010dni dan, 2x24kom"},"content":{"rendered":"<p>Zabavi se rekreiraju\u0107i najljep\u0161e scene svojih omiljenih likova, a nakon \u0161to dovr\u0161i\u0161 slagalicu zabava se nastavlja!<\/p>\n<p>Na pole\u0111ini slagalice prona\u0107i \u0107e\u0161 crno &#8211; bijelu sliku koju mo\u017ee\u0161 obojiti!<\/p>\n<p>Format 2x (50&#215;35); 48 komada.<\/p>\n<p>Preporu\u010dena dob: 3+<\/p>\n","protected":false},"excerpt":{"rendered":"<p>Format 2x (50&#215;35); 48 komada.<br \/>\nNa pole\u0111ini slika za bojanje<br \/>\nDob: 3+god<\/p>\n","protected":false},"featured_media":0,"template":"","meta":{"_seopress_robots_primary_cat":"","_seopress_titles_title":"","_seopress_titles_desc":"","_seopress_robots_index":"","iawp_total_views":0},"product_brand":[848],"product_cat":[290,221],"product_tag":[],"class_list":{"0":"post-41133","1":"product","2":"type-product","3":"status-publish","5":"product_brand-cocomelon","6":"product_cat-drustvene-igre-221","7":"product_cat-igracke","9":"first","10":"outofstock","11":"shipping-taxable","12":"purchasable","13":"product-type-simple"},"_links":{"self":[{"href":"https:\/\/singuli.wpress.me\/index.php\/wp-json\/wp\/v2\/product\/41133","targetHints":{"allow":["GET"]}}],"collection":[{"href":"https:\/\/singuli.wpress.me\/index.php\/wp-json\/wp\/v2\/product"}],"about":[{"href":"https:\/\/singuli.wpress.me\/index.php\/wp-json\/wp\/v2\/types\/product"}],"version-history":[{"count":0,"href":"https:\/\/singuli.wpress.me\/index.php\/wp-json\/wp\/v2\/product\/41133\/revisions"}],"wp:attachment":[{"href":"https:\/\/singuli.wpress.me\/index.php\/wp-json\/wp\/v2\/media?parent=41133"}],"wp:term":[{"taxonomy":"product_brand","embeddable":true,"href":"https:\/\/singuli.wpress.me\/index.php\/wp-json\/wp\/v2\/product_brand?post=41133"},{"taxonomy":"product_cat","embeddable":true,"href":"https:\/\/singuli.wpress.me\/index.php\/wp-json\/wp\/v2\/product_cat?post=41133"},{"taxonomy":"product_tag","embeddable":true,"href":"https:\/\/singuli.wpress.me\/index.php\/wp-json\/wp\/v2\/product_tag?post=41133"}],"curies":[{"name":"wp","href":"https:\/\/api.w.org\/{rel}","templated":true}]}}