{"id":41138,"date":"2026-04-19T15:19:51","date_gmt":"2026-04-19T15:19:51","guid":{"rendered":"https:\/\/singuli.wpress.me\/index.php\/proizvod\/ariel-extra-clean-power-tekuci-deterdzent-za-pranje-rublja-1-7l-34-pranja\/"},"modified":"2026-04-20T12:33:35","modified_gmt":"2026-04-20T12:33:35","slug":"ariel-extra-clean-power-tekuci-deterdzent-za-pranje-rublja-1-7l-34-pranja","status":"publish","type":"product","link":"https:\/\/singuli.wpress.me\/index.php\/proizvod\/ariel-extra-clean-power-tekuci-deterdzent-za-pranje-rublja-1-7l-34-pranja\/","title":{"rendered":"ARIEL  +Extra Clean Power, teku\u0107i deterd\u017eent za pranje rublja, 1.7l, 34\u00a0pranja"},"content":{"rendered":"<p>Ariel, marka koju preporu\u010duju Whirlpool, Beko, Electrolux i Candy, predstavlja <span style=\"font-weight: bold\">teku\u0107i deterd\u017eent za pranje rublja +Extra Clean Power<\/span>, <span style=\"font-weight: bold\">Arielov najbolji teku\u0107i deterd\u017eent<\/span>. Pru\u017ea izvanrednu \u010disto\u0107u po kojoj su Arielovi deterd\u017eenti prepoznatljivi, a usto i dodatnu snagu uklanjanja mrlja za higijenu. <\/p>\n<p>Teku\u0107i deterd\u017eent Ariel +Extra Clean Power ujedno pru\u017ea besprijekorne rezultate na ni\u017eim temperaturama. Njegova je formula posebno osmi\u0161ljena za niske temperature, s jedinstvenom tehnologijom COLD BOOST. Perite rublje na ni\u017eim temperaturama Arielovim teku\u0107im deterd\u017eentom: u\u0161tedite energiju pri svakom pranju i pritom smanjite emisiju CO\u2082. <\/p>\n<p>Usto, teku\u0107i deterd\u017eent Ariel sadr\u017ei 80 % sastojaka organskog podrijetla koji su biorazgradivi i dolazi u pakiranju koje se mo\u017ee 100 % reciklirati. Tvrdokorne mrlje prije pranja tretirajte teku\u0107im deterd\u017eentom Ariel +Extra Clean Power i njegovim zelenim \u010depom, a zatim operite rublje u perilici. <\/p>\n<p>Za najbolje rezultate \u010dep s deterd\u017eentom stavite izravno u bubanj perilice rublja. Iz ekolo\u0161kih razloga na neke boce ne stavljamo \u010dep s mjericom. Takav je \u010dep besplatno dostupan na internetskoj stranici ariel.info.<\/p>\n","protected":false},"excerpt":{"rendered":"<p>Arielov najbolji teku\u0107i deterd\u017eent<br \/>\nZahvaljuju\u0107i izuzetno u\u010dinkovitim enzimima, mrlje nemaju \u0161anse protiv teku\u0107eg deterd\u017eenta Ariel +Extra Clean Power<br \/>\nPreporu\u010dena marka deterd\u017eenta<\/p>\n","protected":false},"featured_media":0,"template":"","meta":{"_seopress_robots_primary_cat":"","_seopress_titles_title":"","_seopress_titles_desc":"","_seopress_robots_index":"","iawp_total_views":0},"product_brand":[427],"product_cat":[283,238],"product_tag":[],"class_list":{"0":"post-41138","1":"product","2":"type-product","3":"status-publish","5":"product_brand-ariel","6":"product_cat-pranje-rublja-238","7":"product_cat-sve-za-dom","9":"first","10":"outofstock","11":"shipping-taxable","12":"purchasable","13":"product-type-simple"},"_links":{"self":[{"href":"https:\/\/singuli.wpress.me\/index.php\/wp-json\/wp\/v2\/product\/41138","targetHints":{"allow":["GET"]}}],"collection":[{"href":"https:\/\/singuli.wpress.me\/index.php\/wp-json\/wp\/v2\/product"}],"about":[{"href":"https:\/\/singuli.wpress.me\/index.php\/wp-json\/wp\/v2\/types\/product"}],"version-history":[{"count":0,"href":"https:\/\/singuli.wpress.me\/index.php\/wp-json\/wp\/v2\/product\/41138\/revisions"}],"wp:attachment":[{"href":"https:\/\/singuli.wpress.me\/index.php\/wp-json\/wp\/v2\/media?parent=41138"}],"wp:term":[{"taxonomy":"product_brand","embeddable":true,"href":"https:\/\/singuli.wpress.me\/index.php\/wp-json\/wp\/v2\/product_brand?post=41138"},{"taxonomy":"product_cat","embeddable":true,"href":"https:\/\/singuli.wpress.me\/index.php\/wp-json\/wp\/v2\/product_cat?post=41138"},{"taxonomy":"product_tag","embeddable":true,"href":"https:\/\/singuli.wpress.me\/index.php\/wp-json\/wp\/v2\/product_tag?post=41138"}],"curies":[{"name":"wp","href":"https:\/\/api.w.org\/{rel}","templated":true}]}}