{"id":41139,"date":"2026-04-19T15:19:52","date_gmt":"2026-04-19T15:19:52","guid":{"rendered":"https:\/\/singuli.wpress.me\/index.php\/proizvod\/neutro-roberts-manneti-delicate-deo-roll-on-pink-fresh-50-ml\/"},"modified":"2026-04-20T12:33:35","modified_gmt":"2026-04-20T12:33:35","slug":"neutro-roberts-manneti-delicate-deo-roll-on-pink-fresh-50-ml","status":"publish","type":"product","link":"https:\/\/singuli.wpress.me\/index.php\/proizvod\/neutro-roberts-manneti-delicate-deo-roll-on-pink-fresh-50-ml\/","title":{"rendered":"NEUTRO ROBERTS Manneti Delicate, deo roll-on, Pink Fresh, 50\u00a0ml"},"content":{"rendered":"<p>Neutro Roberts deo roll-on Pink Fresh va\u0161em tijelu osigurava 48 sati aktivne za\u0161tite od znojenja i neugodnih mirisa. <\/p>\n<p>Jedinstvena formula dezodoransa donosi vam vrlo u\u010dinkovitu za\u0161titu od neugodnih tjelesnih mirisa zahvaljuju\u0107i kvalitetnoj apsorpciji znoja. <\/p>\n<p>Neutro R.deo roll-on Pink Fresh 50 ml ne sadr\u017ei alkohol.<\/p>\n","protected":false},"excerpt":{"rendered":"<p>Pru\u017ea vrlo u\u010dinkovitu 48-satnu za\u0161titu od znojenja<br \/>\nSprje\u010dava nastajanje neugodnih mirisa<br \/>\nOsigurava predivan svje\u017ei miris tijekom \u010ditavog dana<\/p>\n","protected":false},"featured_media":0,"template":"","meta":{"_seopress_robots_primary_cat":"","_seopress_titles_title":"","_seopress_titles_desc":"","_seopress_robots_index":"","iawp_total_views":0},"product_brand":[412],"product_cat":[285,268],"product_tag":[],"class_list":{"0":"post-41139","1":"product","2":"type-product","3":"status-publish","5":"product_brand-neutro-roberts","6":"product_cat-dezodoransi-268","7":"product_cat-kozmetika-2","9":"first","10":"outofstock","11":"shipping-taxable","12":"purchasable","13":"product-type-simple"},"_links":{"self":[{"href":"https:\/\/singuli.wpress.me\/index.php\/wp-json\/wp\/v2\/product\/41139","targetHints":{"allow":["GET"]}}],"collection":[{"href":"https:\/\/singuli.wpress.me\/index.php\/wp-json\/wp\/v2\/product"}],"about":[{"href":"https:\/\/singuli.wpress.me\/index.php\/wp-json\/wp\/v2\/types\/product"}],"version-history":[{"count":0,"href":"https:\/\/singuli.wpress.me\/index.php\/wp-json\/wp\/v2\/product\/41139\/revisions"}],"wp:attachment":[{"href":"https:\/\/singuli.wpress.me\/index.php\/wp-json\/wp\/v2\/media?parent=41139"}],"wp:term":[{"taxonomy":"product_brand","embeddable":true,"href":"https:\/\/singuli.wpress.me\/index.php\/wp-json\/wp\/v2\/product_brand?post=41139"},{"taxonomy":"product_cat","embeddable":true,"href":"https:\/\/singuli.wpress.me\/index.php\/wp-json\/wp\/v2\/product_cat?post=41139"},{"taxonomy":"product_tag","embeddable":true,"href":"https:\/\/singuli.wpress.me\/index.php\/wp-json\/wp\/v2\/product_tag?post=41139"}],"curies":[{"name":"wp","href":"https:\/\/api.w.org\/{rel}","templated":true}]}}