{"id":41141,"date":"2026-04-19T15:19:52","date_gmt":"2026-04-19T15:19:52","guid":{"rendered":"https:\/\/singuli.wpress.me\/index.php\/proizvod\/make-it-real-fotelja-na-napuhavanje-confetti\/"},"modified":"2026-04-20T12:33:35","modified_gmt":"2026-04-20T12:33:35","slug":"make-it-real-fotelja-na-napuhavanje-confetti","status":"publish","type":"product","link":"https:\/\/singuli.wpress.me\/index.php\/proizvod\/make-it-real-fotelja-na-napuhavanje-confetti\/","title":{"rendered":"MAKE IT REAL, fotelja na napuhavanje, Confetti"},"content":{"rendered":"<p>Predivni i neodoljivi proizvodi za djevoj\u010dice i djevojke diljem svijeta. Svaki proizvod kreira do\u017eivljaj koji pru\u017ea mladim djevojkama \u201eprozor\u201d u stvaran svijet dizajna i kreative. <\/p>\n<p>Unutra ili vani? Bilo gdje!! Ova fotelja na napuhavanje, \u0161ira od 1m, ispunjena konfetima &#8211; idealna je za svaku djevoj\u010dicu!<\/p>\n<p>Kombinacija prozirnog i obojenog materijala daje poseban efekt.<\/p>\n<p>Ekstra jaki PVC dr\u017ei i do 113 kg te\u017eine!<\/p>\n<p>Zabavi se i u\u017eivaj u ovoj neodoljivoj fotelji!<\/p>\n<p>DOB 6+<\/p>\n","protected":false},"excerpt":{"rendered":"<p>Fotelja ispunjena konfetima<br \/>\nDr\u017ei i do 113kg<br \/>\nDob: 6+god<\/p>\n","protected":false},"featured_media":0,"template":"","meta":{"_seopress_robots_primary_cat":"","_seopress_titles_title":"","_seopress_titles_desc":"","_seopress_robots_index":"","iawp_total_views":0},"product_brand":[441],"product_cat":[221,291],"product_tag":[],"class_list":{"0":"post-41141","1":"product","2":"type-product","3":"status-publish","5":"product_brand-make-it-real","6":"product_cat-igracke","7":"product_cat-igracke-za-djecu-221","9":"first","10":"outofstock","11":"shipping-taxable","12":"purchasable","13":"product-type-simple"},"_links":{"self":[{"href":"https:\/\/singuli.wpress.me\/index.php\/wp-json\/wp\/v2\/product\/41141","targetHints":{"allow":["GET"]}}],"collection":[{"href":"https:\/\/singuli.wpress.me\/index.php\/wp-json\/wp\/v2\/product"}],"about":[{"href":"https:\/\/singuli.wpress.me\/index.php\/wp-json\/wp\/v2\/types\/product"}],"version-history":[{"count":0,"href":"https:\/\/singuli.wpress.me\/index.php\/wp-json\/wp\/v2\/product\/41141\/revisions"}],"wp:attachment":[{"href":"https:\/\/singuli.wpress.me\/index.php\/wp-json\/wp\/v2\/media?parent=41141"}],"wp:term":[{"taxonomy":"product_brand","embeddable":true,"href":"https:\/\/singuli.wpress.me\/index.php\/wp-json\/wp\/v2\/product_brand?post=41141"},{"taxonomy":"product_cat","embeddable":true,"href":"https:\/\/singuli.wpress.me\/index.php\/wp-json\/wp\/v2\/product_cat?post=41141"},{"taxonomy":"product_tag","embeddable":true,"href":"https:\/\/singuli.wpress.me\/index.php\/wp-json\/wp\/v2\/product_tag?post=41141"}],"curies":[{"name":"wp","href":"https:\/\/api.w.org\/{rel}","templated":true}]}}