{"id":41142,"date":"2026-04-19T15:19:53","date_gmt":"2026-04-19T15:19:53","guid":{"rendered":"https:\/\/singuli.wpress.me\/index.php\/proizvod\/domo-do9066i-aparat-za-pripremu-sladoleda\/"},"modified":"2026-04-21T00:27:07","modified_gmt":"2026-04-21T00:27:07","slug":"domo-do9066i-aparat-za-pripremu-sladoleda","status":"publish","type":"product","link":"https:\/\/singuli.wpress.me\/index.php\/proizvod\/domo-do9066i-aparat-za-pripremu-sladoleda\/","title":{"rendered":"DOMO DO9066I, aparat za pripremu sladoleda"},"content":{"rendered":"<p>S Domo D09066I kompresorskim aparatom za sladoled mo\u017eete imati do 1,5 litara ukusnog doma\u0107eg sladoleda u 60 minuta na vru\u0107em danu. Mo\u017eete ga jednostavno koristiti putem LCD zaslona s upravlja\u010dkim gumbima. Tako mo\u017eete jednostavno ozna\u010diti svoj izbor za vrstu sladoleda. S Domo DO9066I mo\u017eete jednostavno napraviti sladoled od jogurta ili sorbete uz sladoled. Ukusan kao desert ert ili samo kao me\u0111uobrok Da bi sladoled bio ba\u0161 onakav kakav \u017eelite, dodajte dodatne sastojke tijekom kuhanja zahvaljuju\u0107i otvoru.<\/p>\n","protected":false},"excerpt":{"rendered":"<p>Za ukusan sladoled ili sorbet za sat vremena<br \/>\nSa posudom koja se mo\u017ee skinuti<br \/>\nUklju\u010duje lopaticu i mjernu posudu<\/p>\n","protected":false},"featured_media":0,"template":"","meta":{"_seopress_robots_primary_cat":"","_seopress_titles_title":"","_seopress_titles_desc":"","_seopress_robots_index":"","iawp_total_views":0},"product_brand":[255],"product_cat":[266,265,160],"product_tag":[],"class_list":{"0":"post-41142","1":"product","2":"type-product","3":"status-publish","5":"product_brand-domo","6":"product_cat-aparati-za-kuhanje-265","7":"product_cat-kuhinjski-aparati-160","8":"product_cat-mali-kucanski-aparati","10":"first","11":"instock","12":"shipping-taxable","13":"purchasable","14":"product-type-simple"},"_links":{"self":[{"href":"https:\/\/singuli.wpress.me\/index.php\/wp-json\/wp\/v2\/product\/41142","targetHints":{"allow":["GET"]}}],"collection":[{"href":"https:\/\/singuli.wpress.me\/index.php\/wp-json\/wp\/v2\/product"}],"about":[{"href":"https:\/\/singuli.wpress.me\/index.php\/wp-json\/wp\/v2\/types\/product"}],"version-history":[{"count":0,"href":"https:\/\/singuli.wpress.me\/index.php\/wp-json\/wp\/v2\/product\/41142\/revisions"}],"wp:attachment":[{"href":"https:\/\/singuli.wpress.me\/index.php\/wp-json\/wp\/v2\/media?parent=41142"}],"wp:term":[{"taxonomy":"product_brand","embeddable":true,"href":"https:\/\/singuli.wpress.me\/index.php\/wp-json\/wp\/v2\/product_brand?post=41142"},{"taxonomy":"product_cat","embeddable":true,"href":"https:\/\/singuli.wpress.me\/index.php\/wp-json\/wp\/v2\/product_cat?post=41142"},{"taxonomy":"product_tag","embeddable":true,"href":"https:\/\/singuli.wpress.me\/index.php\/wp-json\/wp\/v2\/product_tag?post=41142"}],"curies":[{"name":"wp","href":"https:\/\/api.w.org\/{rel}","templated":true}]}}