{"id":41144,"date":"2026-04-19T15:19:54","date_gmt":"2026-04-19T15:19:54","guid":{"rendered":"https:\/\/singuli.wpress.me\/index.php\/proizvod\/borotalco-unique-deo-roll-on-50-ml\/"},"modified":"2026-04-20T12:33:35","modified_gmt":"2026-04-20T12:33:35","slug":"borotalco-unique-deo-roll-on-50-ml","status":"publish","type":"product","link":"https:\/\/singuli.wpress.me\/index.php\/proizvod\/borotalco-unique-deo-roll-on-50-ml\/","title":{"rendered":"BOROTALCO Unique, deo roll-on, 50\u00a0ml"},"content":{"rendered":"<p><span style=\"font-size:11.0pt;,sans-serif;color:black\">Do\u017eivite<br \/>\nnovo iskustvo s Borotalco Men Absolute TalQ\u00a9 dezodoransom. Ovaj deo roll-on<br \/>\nnamijenjen je mu\u0161karcima koji tra\u017ee apsolutnu za\u0161titu od znoja. Jedinstven i<br \/>\nbezvremenski tipi\u010dno talijanski miris Unique spaja svje\u017einu citrusnog vo\u0107a s<br \/>\nmekim srcem bijelog cvije\u0107a na puderastoj bazi. Borotalco Men Absolute TalQ\u00a9<br \/>\ndeo roll-on sadr\u017ei ekskluzivnu formulu koja kombinira u\u010dinkovitost talka s<br \/>\nprirodnim i mineralnim upijaju\u0107im puderima za apsolutni u\u010dinak koji upija znoj<br \/>\ni jam\u010di osje\u0107aj ekstra suho\u0107e u svakoj situaciji.<\/span><\/p>\n<table class=\"MsoNormalTable\" border=\"0\" cellspacing=\"0\" cellpadding=\"0\" width=\"1200\" style=\"width:899.75pt;border-collapse:collapse\">\n<tbody>\n<\/tbody>\n<\/table>\n","protected":false},"excerpt":{"rendered":"<p>Apsolutna za\u0161tita od znoja<br \/>\nUpija znoj<br \/>\nJam\u010di osje\u0107aj ekstra suho\u0107e<\/p>\n","protected":false},"featured_media":0,"template":"","meta":{"_seopress_robots_primary_cat":"","_seopress_titles_title":"","_seopress_titles_desc":"","_seopress_robots_index":"","iawp_total_views":0},"product_brand":[484],"product_cat":[285,268],"product_tag":[],"class_list":{"0":"post-41144","1":"product","2":"type-product","3":"status-publish","5":"product_brand-borotalco","6":"product_cat-dezodoransi-268","7":"product_cat-kozmetika-2","9":"first","10":"outofstock","11":"shipping-taxable","12":"purchasable","13":"product-type-simple"},"_links":{"self":[{"href":"https:\/\/singuli.wpress.me\/index.php\/wp-json\/wp\/v2\/product\/41144","targetHints":{"allow":["GET"]}}],"collection":[{"href":"https:\/\/singuli.wpress.me\/index.php\/wp-json\/wp\/v2\/product"}],"about":[{"href":"https:\/\/singuli.wpress.me\/index.php\/wp-json\/wp\/v2\/types\/product"}],"version-history":[{"count":0,"href":"https:\/\/singuli.wpress.me\/index.php\/wp-json\/wp\/v2\/product\/41144\/revisions"}],"wp:attachment":[{"href":"https:\/\/singuli.wpress.me\/index.php\/wp-json\/wp\/v2\/media?parent=41144"}],"wp:term":[{"taxonomy":"product_brand","embeddable":true,"href":"https:\/\/singuli.wpress.me\/index.php\/wp-json\/wp\/v2\/product_brand?post=41144"},{"taxonomy":"product_cat","embeddable":true,"href":"https:\/\/singuli.wpress.me\/index.php\/wp-json\/wp\/v2\/product_cat?post=41144"},{"taxonomy":"product_tag","embeddable":true,"href":"https:\/\/singuli.wpress.me\/index.php\/wp-json\/wp\/v2\/product_tag?post=41144"}],"curies":[{"name":"wp","href":"https:\/\/api.w.org\/{rel}","templated":true}]}}