{"id":41147,"date":"2026-04-19T15:19:55","date_gmt":"2026-04-19T15:19:55","guid":{"rendered":"https:\/\/singuli.wpress.me\/index.php\/proizvod\/bissell-multi-surface-pet-sredstvo-za-ciscenje-1-l\/"},"modified":"2026-04-20T12:33:35","modified_gmt":"2026-04-20T12:33:35","slug":"bissell-multi-surface-pet-sredstvo-za-ciscenje-1-l","status":"publish","type":"product","link":"https:\/\/singuli.wpress.me\/index.php\/proizvod\/bissell-multi-surface-pet-sredstvo-za-ciscenje-1-l\/","title":{"rendered":"BISSELL Multi Surface Pet, sredstvo za \u010di\u0161\u0107enje, 1\u00a0l"},"content":{"rendered":"<p>Vi\u0161enamjensko rje\u0161enje za \u010di\u0161\u0107enje dizajnirano posebno za domove s ku\u0107nim ljubimcima, uklanja jaku prljav\u0161tinu, kao i nered i mirise ku\u0107nih ljubimaca. Za \u010di\u0161\u0107enje tvrdih podova i tepiha.<\/p>\n","protected":false},"excerpt":{"rendered":"<p>Dizajnirano posebno za domove s ku\u0107nim ljubimcima<br \/>\nUklanja jaku prljav\u0161tinu i mirise ku\u0107nih ljubimaca<br \/>\nZa \u010di\u0161\u0107enje tvrdih podova i tepiha<\/p>\n","protected":false},"featured_media":0,"template":"","meta":{"_seopress_robots_primary_cat":"","_seopress_titles_title":"","_seopress_titles_desc":"","_seopress_robots_index":"","iawp_total_views":0},"product_brand":[819],"product_cat":[160,271],"product_tag":[],"class_list":{"0":"post-41147","1":"product","2":"type-product","3":"status-publish","5":"product_brand-bissell","6":"product_cat-mali-kucanski-aparati","7":"product_cat-usisavaci-i-ciscenje-160","9":"first","10":"outofstock","11":"shipping-taxable","12":"purchasable","13":"product-type-simple"},"_links":{"self":[{"href":"https:\/\/singuli.wpress.me\/index.php\/wp-json\/wp\/v2\/product\/41147","targetHints":{"allow":["GET"]}}],"collection":[{"href":"https:\/\/singuli.wpress.me\/index.php\/wp-json\/wp\/v2\/product"}],"about":[{"href":"https:\/\/singuli.wpress.me\/index.php\/wp-json\/wp\/v2\/types\/product"}],"version-history":[{"count":0,"href":"https:\/\/singuli.wpress.me\/index.php\/wp-json\/wp\/v2\/product\/41147\/revisions"}],"wp:attachment":[{"href":"https:\/\/singuli.wpress.me\/index.php\/wp-json\/wp\/v2\/media?parent=41147"}],"wp:term":[{"taxonomy":"product_brand","embeddable":true,"href":"https:\/\/singuli.wpress.me\/index.php\/wp-json\/wp\/v2\/product_brand?post=41147"},{"taxonomy":"product_cat","embeddable":true,"href":"https:\/\/singuli.wpress.me\/index.php\/wp-json\/wp\/v2\/product_cat?post=41147"},{"taxonomy":"product_tag","embeddable":true,"href":"https:\/\/singuli.wpress.me\/index.php\/wp-json\/wp\/v2\/product_tag?post=41147"}],"curies":[{"name":"wp","href":"https:\/\/api.w.org\/{rel}","templated":true}]}}