{"id":41150,"date":"2026-04-19T15:19:56","date_gmt":"2026-04-19T15:19:56","guid":{"rendered":"https:\/\/singuli.wpress.me\/index.php\/proizvod\/revlon-salon-cetka-za-kosu-2u1-za-kratku-kosu\/"},"modified":"2026-04-20T12:33:35","modified_gmt":"2026-04-20T12:33:35","slug":"revlon-salon-cetka-za-kosu-2u1-za-kratku-kosu","status":"publish","type":"product","link":"https:\/\/singuli.wpress.me\/index.php\/proizvod\/revlon-salon-cetka-za-kosu-2u1-za-kratku-kosu\/","title":{"rendered":"REVLON, salon \u010detka za kosu 2u1, za kratku kosu"},"content":{"rendered":"<p>Nema izgovora da biste dobili prekrasan volumen i sjajan sjaj u samo jednom koraku \u010dak i za kratku kosu<\/p>\n<p>Manji ovalni promjer \u010detke (-30% manja veli\u010dina od standardne \u010detke)<br \/>\nJedinstveni oblik nje\u017eno zakrivljenih stranica savr\u0161en za pribli\u017eavanje korijenima za dodatni volumen, glatke rezultate i lijepo uvijene krajeve, savr\u0161en proizvod za srednje-kratku kosu<\/p>\n<p>Manje vremena, manje \u0161tete<br \/>\nDizajniran za brzu i vremensku raspodjelu zraka na kosu kako bi se su\u0161io i br\u017ee oblikovao za manje o\u0161te\u0107enja od topline<\/p>\n<p>Mje\u0161ovite \u010dekinje<br \/>\nNajlonske \u010dekinje s udobnim vrhovima kuglica za nje\u017eno odvajanje kose. Mje\u0161ovite najlonske igle i dlake poma\u017eu uhvatiti kosu na zaobljenom rubu za pobolj\u0161ani volumen i kontrolu za glatke, sjajne rezultate<\/p>\n<p>IONIC tehnologija<br \/>\nNegativni ioni poma\u017eu u odr\u017eavanju neutralnog naboja na povr\u0161ini kose, a kosa izgleda kondicionirana i glatka, dok poma\u017eu u smanjenju kovr\u010danja i stati\u010dnosti za zdravu sjajnu kosu<\/p>\n<p>Prevlaka od titana<br \/>\nZa dugotrajne rezultate i vidljiviji sjaj<\/p>\n<p>3 postavke topline uklju\u010duju hladan dodir<br \/>\nZa potpuno fleksibilno su\u0161enje i oblikovanje<\/p>\n<p>&#8211; Dvostruki utika\u010d adapter EU \/ UK<br \/>\n&#8211; Idealno za putovanja, lako se prebacite na drugi utika\u010d<br \/>\n&#8211; Okretni kabel od 3 m bez zapletanja<\/p>\n","protected":false},"excerpt":{"rendered":"<p>Za su\u0161enje kose i pove\u0107anje volumena u jednom koraku<br \/>\nDizajniran za kratku i srednje dugu kosu<br \/>\nOtprilike je 30% manja od standardne \u010detke za volumen<\/p>\n","protected":false},"featured_media":0,"template":"","meta":{"_seopress_robots_primary_cat":"","_seopress_titles_title":"","_seopress_titles_desc":"","_seopress_robots_index":"","iawp_total_views":0},"product_brand":[155],"product_cat":[322,268,321],"product_tag":[],"class_list":{"0":"post-41150","1":"product","2":"type-product","3":"status-publish","5":"product_brand-revlon","6":"product_cat-cetke-za-kosu-321","7":"product_cat-kozmetika-2","8":"product_cat-njega-za-zene-268","10":"first","11":"outofstock","12":"shipping-taxable","13":"purchasable","14":"product-type-simple"},"_links":{"self":[{"href":"https:\/\/singuli.wpress.me\/index.php\/wp-json\/wp\/v2\/product\/41150","targetHints":{"allow":["GET"]}}],"collection":[{"href":"https:\/\/singuli.wpress.me\/index.php\/wp-json\/wp\/v2\/product"}],"about":[{"href":"https:\/\/singuli.wpress.me\/index.php\/wp-json\/wp\/v2\/types\/product"}],"version-history":[{"count":0,"href":"https:\/\/singuli.wpress.me\/index.php\/wp-json\/wp\/v2\/product\/41150\/revisions"}],"wp:attachment":[{"href":"https:\/\/singuli.wpress.me\/index.php\/wp-json\/wp\/v2\/media?parent=41150"}],"wp:term":[{"taxonomy":"product_brand","embeddable":true,"href":"https:\/\/singuli.wpress.me\/index.php\/wp-json\/wp\/v2\/product_brand?post=41150"},{"taxonomy":"product_cat","embeddable":true,"href":"https:\/\/singuli.wpress.me\/index.php\/wp-json\/wp\/v2\/product_cat?post=41150"},{"taxonomy":"product_tag","embeddable":true,"href":"https:\/\/singuli.wpress.me\/index.php\/wp-json\/wp\/v2\/product_tag?post=41150"}],"curies":[{"name":"wp","href":"https:\/\/api.w.org\/{rel}","templated":true}]}}