{"id":41151,"date":"2026-04-19T15:19:57","date_gmt":"2026-04-19T15:19:57","guid":{"rendered":"https:\/\/singuli.wpress.me\/index.php\/proizvod\/bison-akrilno-silikonsko-brtvilo-300-ml\/"},"modified":"2026-04-21T00:27:07","modified_gmt":"2026-04-21T00:27:07","slug":"bison-akrilno-silikonsko-brtvilo-300-ml","status":"publish","type":"product","link":"https:\/\/singuli.wpress.me\/index.php\/proizvod\/bison-akrilno-silikonsko-brtvilo-300-ml\/","title":{"rendered":"BISON akrilno, silikonsko brtvilo, 300\u00a0ml"},"content":{"rendered":"<p>Brtvilo koji se mo\u017ee prebojiti nakon 30 minuta. <\/p>\n<p>Prikladno za brtvljenje spojeva, rupa i pukotina koje &quot;rade&quot;, odnosno s malo pomicanja na okvirima vrata i prozora, prozorskim klup\u010dicama, monta\u017enim elementima, stepeni\u0161tima, zidnim lajsnama, zidovima, gipsanim plo\u010dama, stropovima, valovitim \u017eeljeznim plo\u010dama i cjevovodima. Tako\u0111er prikladno za brtvljenje rascjepa i pukotina u unutra\u0161njim zidovima. Ve\u017ee se za opeku, (celularni) beton, zid, \u017ebuku, drvo, staklo, kerami\u010dke plo\u010dice, metale i tvrdi PVC. Ne ve\u017ee se za bitumen, PP, PE, PTFE i silikon. Za brtvljenje prozorskih stakala upotrijebite BISON brtvilo za ostakljenja.<\/p>\n<p>Nije prikladno za bitumen, silikon, polietilen (PE), polipropilen (PP) i P.T.F.E.<\/p>\n","protected":false},"excerpt":{"rendered":"<p>Lako se nanosi i obra\u0111uje<br \/>\nZa unutarnju i vanjsku upotrebu<br \/>\nSvje\u017ee mrlje mogu se ukloniti vodom<\/p>\n","protected":false},"featured_media":0,"template":"","meta":{"_seopress_robots_primary_cat":"","_seopress_titles_title":"","_seopress_titles_desc":"","_seopress_robots_index":"","iawp_total_views":0},"product_brand":[494],"product_cat":[264,238],"product_tag":[],"class_list":{"0":"post-41151","1":"product","2":"type-product","3":"status-publish","5":"product_brand-bison","6":"product_cat-ljepila-i-brtvila-238","7":"product_cat-sve-za-dom","9":"first","10":"instock","11":"shipping-taxable","12":"purchasable","13":"product-type-simple"},"_links":{"self":[{"href":"https:\/\/singuli.wpress.me\/index.php\/wp-json\/wp\/v2\/product\/41151","targetHints":{"allow":["GET"]}}],"collection":[{"href":"https:\/\/singuli.wpress.me\/index.php\/wp-json\/wp\/v2\/product"}],"about":[{"href":"https:\/\/singuli.wpress.me\/index.php\/wp-json\/wp\/v2\/types\/product"}],"version-history":[{"count":0,"href":"https:\/\/singuli.wpress.me\/index.php\/wp-json\/wp\/v2\/product\/41151\/revisions"}],"wp:attachment":[{"href":"https:\/\/singuli.wpress.me\/index.php\/wp-json\/wp\/v2\/media?parent=41151"}],"wp:term":[{"taxonomy":"product_brand","embeddable":true,"href":"https:\/\/singuli.wpress.me\/index.php\/wp-json\/wp\/v2\/product_brand?post=41151"},{"taxonomy":"product_cat","embeddable":true,"href":"https:\/\/singuli.wpress.me\/index.php\/wp-json\/wp\/v2\/product_cat?post=41151"},{"taxonomy":"product_tag","embeddable":true,"href":"https:\/\/singuli.wpress.me\/index.php\/wp-json\/wp\/v2\/product_tag?post=41151"}],"curies":[{"name":"wp","href":"https:\/\/api.w.org\/{rel}","templated":true}]}}