{"id":41156,"date":"2026-04-19T15:19:58","date_gmt":"2026-04-19T15:19:58","guid":{"rendered":"https:\/\/singuli.wpress.me\/index.php\/proizvod\/domo-do9203bl-blender\/"},"modified":"2026-04-20T12:33:35","modified_gmt":"2026-04-20T12:33:35","slug":"domo-do9203bl-blender","status":"publish","type":"product","link":"https:\/\/singuli.wpress.me\/index.php\/proizvod\/domo-do9203bl-blender\/","title":{"rendered":"DOMO DO9203BL, blender"},"content":{"rendered":"<p>Domo stolni blender opremljen je plasti\u010dnim spremnikom kapaciteta 1,5 litara. <br \/>\nIma 2 brzine rada i pulsnu funkciju za precizno mije\u0161anje. <br \/>\nZahvaljuju\u0107i kvalitetnim no\u017eevima i izvanrednoj snazi, rezultati \u0107e biti izvrsni. O\u0161trice se mogu ukloniti i lako o\u010distiti.<br \/>\nBlender je izvrstan za drobljenje ora\u0161astih plodova, sjemenki i smrznutog vo\u0107a i pripremu umaka.<\/p>\n","protected":false},"excerpt":{"rendered":"<p>O\u0161trice se mogu ukloniti i lako o\u010distiti<br \/>\n2 brzine i pulsna funkcija za precizno mije\u0161anje<br \/>\nPlasti\u010dni spremnik kapaciteta 1,5 litara<\/p>\n","protected":false},"featured_media":0,"template":"","meta":{"_seopress_robots_primary_cat":"","_seopress_titles_title":"","_seopress_titles_desc":"","_seopress_robots_index":"","iawp_total_views":0},"product_brand":[255],"product_cat":[192,267],"product_tag":[],"class_list":{"0":"post-41156","1":"product","2":"type-product","3":"status-publish","5":"product_brand-domo","6":"product_cat-aparati-za-osobnu-njegu","7":"product_cat-zdravstveni-uredaji-192","9":"first","10":"outofstock","11":"shipping-taxable","12":"purchasable","13":"product-type-simple"},"_links":{"self":[{"href":"https:\/\/singuli.wpress.me\/index.php\/wp-json\/wp\/v2\/product\/41156","targetHints":{"allow":["GET"]}}],"collection":[{"href":"https:\/\/singuli.wpress.me\/index.php\/wp-json\/wp\/v2\/product"}],"about":[{"href":"https:\/\/singuli.wpress.me\/index.php\/wp-json\/wp\/v2\/types\/product"}],"version-history":[{"count":0,"href":"https:\/\/singuli.wpress.me\/index.php\/wp-json\/wp\/v2\/product\/41156\/revisions"}],"wp:attachment":[{"href":"https:\/\/singuli.wpress.me\/index.php\/wp-json\/wp\/v2\/media?parent=41156"}],"wp:term":[{"taxonomy":"product_brand","embeddable":true,"href":"https:\/\/singuli.wpress.me\/index.php\/wp-json\/wp\/v2\/product_brand?post=41156"},{"taxonomy":"product_cat","embeddable":true,"href":"https:\/\/singuli.wpress.me\/index.php\/wp-json\/wp\/v2\/product_cat?post=41156"},{"taxonomy":"product_tag","embeddable":true,"href":"https:\/\/singuli.wpress.me\/index.php\/wp-json\/wp\/v2\/product_tag?post=41156"}],"curies":[{"name":"wp","href":"https:\/\/api.w.org\/{rel}","templated":true}]}}