{"id":41157,"date":"2026-04-19T15:19:59","date_gmt":"2026-04-19T15:19:59","guid":{"rendered":"https:\/\/singuli.wpress.me\/index.php\/proizvod\/shell-tekucina-za-stakla-0-5-l\/"},"modified":"2026-04-21T00:27:07","modified_gmt":"2026-04-21T00:27:07","slug":"shell-tekucina-za-stakla-0-5-l","status":"publish","type":"product","link":"https:\/\/singuli.wpress.me\/index.php\/proizvod\/shell-tekucina-za-stakla-0-5-l\/","title":{"rendered":"SHELL, teku\u0107ina za stakla, 0.5\u00a0l"},"content":{"rendered":"<p>Shell teku\u0107ina za stakla za \u010di\u0161\u0107enje svih staklenih i zrcalnih povr\u0161ina u automobilima i kod ku\u0107e.<br \/>\nU\u010dinkovito i brzo uklanja sve vrste prljav\u0161tine, otiske prstiju i ostatke duhanskog dima (kako na vanjskoj tako i na unutarnjoj povr\u0161ini stakla).<br \/>\nDaje sjaj i ne ostavlja tragove ili mrlje. Ostavlja nevidljivi sloj protiv magle. Bez amonijaka.<br \/>\nSigurno za farove od polikarbonata i zatamnjena stakla automobila.<\/p>\n<p><span style=\"font-weight: bold\">Upute za kori\u0161tenje:<\/span><br \/>\nPoprskajte povr\u0161inu i pri\u010dekajte neko vrijeme. Obri\u0161ite suhom i \u010distom krpom.<\/p>\n","protected":false},"excerpt":{"rendered":"<p>Teku\u0107ina za stakla<br \/>\nSlu\u017ei za \u010di\u0161\u0107enje svih staklenih i zrcalnih povr\u0161ina u automobilima i kod ku\u0107e<br \/>\nBrzo uklanja sve vrste prljav\u0161tine, otiske prstiju i ostatke  duhanskog dima<\/p>\n","protected":false},"featured_media":0,"template":"","meta":{"_seopress_robots_primary_cat":"","_seopress_titles_title":"","_seopress_titles_desc":"","_seopress_robots_index":"","iawp_total_views":0},"product_brand":[326],"product_cat":[243,273],"product_tag":[],"class_list":{"0":"post-41157","1":"product","2":"type-product","3":"status-publish","5":"product_brand-shell","6":"product_cat-automobili-i-motori","7":"product_cat-njega-vozila-243","9":"first","10":"instock","11":"shipping-taxable","12":"purchasable","13":"product-type-simple"},"_links":{"self":[{"href":"https:\/\/singuli.wpress.me\/index.php\/wp-json\/wp\/v2\/product\/41157","targetHints":{"allow":["GET"]}}],"collection":[{"href":"https:\/\/singuli.wpress.me\/index.php\/wp-json\/wp\/v2\/product"}],"about":[{"href":"https:\/\/singuli.wpress.me\/index.php\/wp-json\/wp\/v2\/types\/product"}],"version-history":[{"count":0,"href":"https:\/\/singuli.wpress.me\/index.php\/wp-json\/wp\/v2\/product\/41157\/revisions"}],"wp:attachment":[{"href":"https:\/\/singuli.wpress.me\/index.php\/wp-json\/wp\/v2\/media?parent=41157"}],"wp:term":[{"taxonomy":"product_brand","embeddable":true,"href":"https:\/\/singuli.wpress.me\/index.php\/wp-json\/wp\/v2\/product_brand?post=41157"},{"taxonomy":"product_cat","embeddable":true,"href":"https:\/\/singuli.wpress.me\/index.php\/wp-json\/wp\/v2\/product_cat?post=41157"},{"taxonomy":"product_tag","embeddable":true,"href":"https:\/\/singuli.wpress.me\/index.php\/wp-json\/wp\/v2\/product_tag?post=41157"}],"curies":[{"name":"wp","href":"https:\/\/api.w.org\/{rel}","templated":true}]}}