{"id":41158,"date":"2026-04-19T15:20:00","date_gmt":"2026-04-19T15:20:00","guid":{"rendered":"https:\/\/singuli.wpress.me\/index.php\/proizvod\/bison-super-wood-d3-ljepilo-za-drvo-750-g\/"},"modified":"2026-04-20T12:33:35","modified_gmt":"2026-04-20T12:33:35","slug":"bison-super-wood-d3-ljepilo-za-drvo-750-g","status":"publish","type":"product","link":"https:\/\/singuli.wpress.me\/index.php\/proizvod\/bison-super-wood-d3-ljepilo-za-drvo-750-g\/","title":{"rendered":"BISON Super Wood D3, ljepilo, za drvo, 750\u00a0g"},"content":{"rendered":"<p>Visokokvalitetno, vodootporno (EN 204 D3) bijelo ljepilo za drvo.<\/p>\n<p>Za vodootporno spajanje i laminiranje gotovo svih \u010dvrstih, mekih i egzoti\u010dnih vrsta drva. Prikladno za nenosive drvene konstrukcije koje savr\u0161eno nalije\u017eu uz upotrebu, primjerice, zup\u010dastih spojeva, spojeva na lastin rep, spojeva na \u010dep i \u017elijeb, mo\u017edanika i opruga. Prikladno za unutarnju i vanjsku primjenu, osobito za lijepljenje spojeva koji trebaju biti otporni na vodu. Za povr\u0161insko lijepljenje drva, tvrde i porozne plo\u010de vlaknatice, iverice, multiplex \u0161perplo\u010de, MDF-a, papira i kartona. Prikladno i za laminiranje furnira i plo\u010da od tvrde plastike (HPL, Formica, Duropal, Resopal) na drvenoj povr\u0161ini. D3: Unutra\u0161nji prostori u kojima je teku\u0107a voda, kondenzacija i\/ili veliko optere\u0107enje \u010desta, ali kratka pojava zbog pove\u0107ane relativne vla\u017enosti zraka. Vanjski prostori koji nisu izlo\u017eeni vremenskim utjecajima.<\/p>\n","protected":false},"excerpt":{"rendered":"<p>Visokokvalitetno ljepilo<br \/>\nVodootporno ljepilo<br \/>\nBijelo ljepilo za drvo<\/p>\n","protected":false},"featured_media":0,"template":"","meta":{"_seopress_robots_primary_cat":"","_seopress_titles_title":"","_seopress_titles_desc":"","_seopress_robots_index":"","iawp_total_views":0},"product_brand":[494],"product_cat":[264,238],"product_tag":[],"class_list":{"0":"post-41158","1":"product","2":"type-product","3":"status-publish","5":"product_brand-bison","6":"product_cat-ljepila-i-brtvila-238","7":"product_cat-sve-za-dom","9":"first","10":"instock","11":"shipping-taxable","12":"purchasable","13":"product-type-simple"},"_links":{"self":[{"href":"https:\/\/singuli.wpress.me\/index.php\/wp-json\/wp\/v2\/product\/41158","targetHints":{"allow":["GET"]}}],"collection":[{"href":"https:\/\/singuli.wpress.me\/index.php\/wp-json\/wp\/v2\/product"}],"about":[{"href":"https:\/\/singuli.wpress.me\/index.php\/wp-json\/wp\/v2\/types\/product"}],"version-history":[{"count":0,"href":"https:\/\/singuli.wpress.me\/index.php\/wp-json\/wp\/v2\/product\/41158\/revisions"}],"wp:attachment":[{"href":"https:\/\/singuli.wpress.me\/index.php\/wp-json\/wp\/v2\/media?parent=41158"}],"wp:term":[{"taxonomy":"product_brand","embeddable":true,"href":"https:\/\/singuli.wpress.me\/index.php\/wp-json\/wp\/v2\/product_brand?post=41158"},{"taxonomy":"product_cat","embeddable":true,"href":"https:\/\/singuli.wpress.me\/index.php\/wp-json\/wp\/v2\/product_cat?post=41158"},{"taxonomy":"product_tag","embeddable":true,"href":"https:\/\/singuli.wpress.me\/index.php\/wp-json\/wp\/v2\/product_tag?post=41158"}],"curies":[{"name":"wp","href":"https:\/\/api.w.org\/{rel}","templated":true}]}}