{"id":41159,"date":"2026-04-19T15:20:00","date_gmt":"2026-04-19T15:20:00","guid":{"rendered":"https:\/\/singuli.wpress.me\/index.php\/proizvod\/natureta-krastavci-280-g\/"},"modified":"2026-04-20T12:33:35","modified_gmt":"2026-04-20T12:33:35","slug":"natureta-krastavci-280-g","status":"publish","type":"product","link":"https:\/\/singuli.wpress.me\/index.php\/proizvod\/natureta-krastavci-280-g\/","title":{"rendered":"NATURETA, krastavci, 280\u00a0g"},"content":{"rendered":"<p>Kiseli krastavci vjerojatno su jedna od najpopularnijih vrsta ukiseljenog povr\u0107a. <\/p>\n<p>Naturetini delikatesni kiseli krastavci oboga\u0107uju sve vrste sendvi\u010da, uz neizostavne nareske, bez kojih ne mo\u017eete zamisliti francusku salatu, izvrsni su i sami. <\/p>\n<p>Vjerojatno bi bilo vrlo te\u0161ko prona\u0107i kuhinju osim smo\u010dnice u kojoj nije bilo barem jednog kiselog krastavca. <\/p>\n<p>Pobrinite se da vam i kod ku\u0107e budu uvijek pri ruci.<\/p>\n","protected":false},"excerpt":{"rendered":"<p>Najpopularnija vrsta ukiseljenog povr\u0107a<br \/>\nIzvrstan okus<br \/>\nTradicionalna receptura<\/p>\n","protected":false},"featured_media":0,"template":"","meta":{"_seopress_robots_primary_cat":"","_seopress_titles_title":"","_seopress_titles_desc":"","_seopress_robots_index":"","iawp_total_views":0},"product_brand":[811],"product_cat":[261,299],"product_tag":[],"class_list":{"0":"post-41159","1":"product","2":"type-product","3":"status-publish","5":"product_brand-natureta","6":"product_cat-hrana-i-pice","7":"product_cat-konzervirana-i-gotova-hrana-261","9":"first","10":"outofstock","11":"shipping-taxable","12":"purchasable","13":"product-type-simple"},"_links":{"self":[{"href":"https:\/\/singuli.wpress.me\/index.php\/wp-json\/wp\/v2\/product\/41159","targetHints":{"allow":["GET"]}}],"collection":[{"href":"https:\/\/singuli.wpress.me\/index.php\/wp-json\/wp\/v2\/product"}],"about":[{"href":"https:\/\/singuli.wpress.me\/index.php\/wp-json\/wp\/v2\/types\/product"}],"version-history":[{"count":0,"href":"https:\/\/singuli.wpress.me\/index.php\/wp-json\/wp\/v2\/product\/41159\/revisions"}],"wp:attachment":[{"href":"https:\/\/singuli.wpress.me\/index.php\/wp-json\/wp\/v2\/media?parent=41159"}],"wp:term":[{"taxonomy":"product_brand","embeddable":true,"href":"https:\/\/singuli.wpress.me\/index.php\/wp-json\/wp\/v2\/product_brand?post=41159"},{"taxonomy":"product_cat","embeddable":true,"href":"https:\/\/singuli.wpress.me\/index.php\/wp-json\/wp\/v2\/product_cat?post=41159"},{"taxonomy":"product_tag","embeddable":true,"href":"https:\/\/singuli.wpress.me\/index.php\/wp-json\/wp\/v2\/product_tag?post=41159"}],"curies":[{"name":"wp","href":"https:\/\/api.w.org\/{rel}","templated":true}]}}