{"id":41160,"date":"2026-04-19T15:20:00","date_gmt":"2026-04-19T15:20:00","guid":{"rendered":"https:\/\/singuli.wpress.me\/index.php\/proizvod\/helix-ult-prof-ag-5w30-motorno-ulje-za-osobna-vozila-209-l\/"},"modified":"2026-04-20T12:33:35","modified_gmt":"2026-04-20T12:33:35","slug":"helix-ult-prof-ag-5w30-motorno-ulje-za-osobna-vozila-209-l","status":"publish","type":"product","link":"https:\/\/singuli.wpress.me\/index.php\/proizvod\/helix-ult-prof-ag-5w30-motorno-ulje-za-osobna-vozila-209-l\/","title":{"rendered":"HELIX ULT. PROF AG 5W30, motorno ulje za osobna vozila, 209\u00a0l"},"content":{"rendered":"<p>Potpuno sinteti\u010dko motorno ulje \u2013 posebno formulirano i prilago\u0111eno da udovolji potrebama odre\u0111enih motora visokih performansi, uklju\u010duju\u0107i General Motors, kao i motore koji zahtijevaju API SN ili ACEA C3 specifikacije. <\/p>\n<p>Zadovoljava ACEA standard u\u0161tede goriva MB M111FE s pobolj\u0161anjem u\u010dinkovitosti goriva minimalno od 1,7%.<\/p>\n<p><span style=\"font-weight: bold\">Specifikacija:<\/span> API SN, ACEA C3, GM dexos licenca-GB2B0611014.<\/p>\n","protected":false},"excerpt":{"rendered":"<p>Pove\u0107ava u\u0161tedu goriva<br \/>\nZadovoljava test tro\u0161enja razvodnog mehanizma<br \/>\nSpecifikacija u opisu<\/p>\n","protected":false},"featured_media":0,"template":"","meta":{"_seopress_robots_primary_cat":"","_seopress_titles_title":"","_seopress_titles_desc":"","_seopress_robots_index":"","iawp_total_views":0},"product_brand":[398],"product_cat":[243,272],"product_tag":[],"class_list":{"0":"post-41160","1":"product","2":"type-product","3":"status-publish","5":"product_brand-helix","6":"product_cat-automobili-i-motori","7":"product_cat-motorna-ulja-243","9":"first","10":"outofstock","11":"shipping-taxable","12":"purchasable","13":"product-type-simple"},"_links":{"self":[{"href":"https:\/\/singuli.wpress.me\/index.php\/wp-json\/wp\/v2\/product\/41160","targetHints":{"allow":["GET"]}}],"collection":[{"href":"https:\/\/singuli.wpress.me\/index.php\/wp-json\/wp\/v2\/product"}],"about":[{"href":"https:\/\/singuli.wpress.me\/index.php\/wp-json\/wp\/v2\/types\/product"}],"version-history":[{"count":0,"href":"https:\/\/singuli.wpress.me\/index.php\/wp-json\/wp\/v2\/product\/41160\/revisions"}],"wp:attachment":[{"href":"https:\/\/singuli.wpress.me\/index.php\/wp-json\/wp\/v2\/media?parent=41160"}],"wp:term":[{"taxonomy":"product_brand","embeddable":true,"href":"https:\/\/singuli.wpress.me\/index.php\/wp-json\/wp\/v2\/product_brand?post=41160"},{"taxonomy":"product_cat","embeddable":true,"href":"https:\/\/singuli.wpress.me\/index.php\/wp-json\/wp\/v2\/product_cat?post=41160"},{"taxonomy":"product_tag","embeddable":true,"href":"https:\/\/singuli.wpress.me\/index.php\/wp-json\/wp\/v2\/product_tag?post=41160"}],"curies":[{"name":"wp","href":"https:\/\/api.w.org\/{rel}","templated":true}]}}