{"id":41162,"date":"2026-04-19T15:20:00","date_gmt":"2026-04-19T15:20:00","guid":{"rendered":"https:\/\/singuli.wpress.me\/index.php\/proizvod\/pronto-classic-sprej-za-drvo-lavanda-300-ml\/"},"modified":"2026-04-20T12:33:35","modified_gmt":"2026-04-20T12:33:35","slug":"pronto-classic-sprej-za-drvo-lavanda-300-ml","status":"publish","type":"product","link":"https:\/\/singuli.wpress.me\/index.php\/proizvod\/pronto-classic-sprej-za-drvo-lavanda-300-ml\/","title":{"rendered":"PRONTO Classic, sprej, za drvo, lavanda, 300\u00a0ml"},"content":{"rendered":"<p>Pronto\u00ae Classic sprej za namje\u0161taj nagla\u0161ava prirodnu ljepotu ve\u0107ine tvrdih povr\u0161ina u va\u0161em domu uklanjaju\u0107i pra\u0161inu i otiske prstiju te pru\u017ea za\u0161titni, sjajni premaz bez tragova.<\/p>\n<p>Uklanja: pra\u0161inu, ne\u010disto\u0107e, otiske prstiju i mrlje.<\/p>\n<p>Upute za kori\u0161tenje:<br \/>\nPrije uporabe obavezno pro\u010ditajte upute na pakiranju. Nemojte okretati poklopac limenke. <br \/>\n1. Dobro protresite. <br \/>\n2. Bo\u010dicu dr\u017eite uspravno i prskajte s udaljenosti od najmanje 15 cm od povr\u0161ine ili izravno na krpu. <\/p>\n<p>Za najbolje rezultate odmah isperite mekom, \u010distom krpom. Nemojte koristiti na podu, u kupaonici ili na neobra\u0111enom drvu. Prije upotrebe isprobajte u\u010dinak na malom, manje vidljivom podru\u010dju.<\/p>\n","protected":false},"excerpt":{"rendered":"<p>Nje\u017eno \u010disti<br \/>\nNe ostavlja tragove na povr\u0161inama<br \/>\nPrikladno za kori\u0161tenje na tvrdim povr\u0161inama<\/p>\n","protected":false},"featured_media":0,"template":"","meta":{"_seopress_robots_primary_cat":"","_seopress_titles_title":"","_seopress_titles_desc":"","_seopress_robots_index":"","iawp_total_views":0},"product_brand":[815],"product_cat":[274,238],"product_tag":[],"class_list":{"0":"post-41162","1":"product","2":"type-product","3":"status-publish","5":"product_brand-pronto","6":"product_cat-kucanski-pribor-238","7":"product_cat-sve-za-dom","9":"first","10":"outofstock","11":"shipping-taxable","12":"purchasable","13":"product-type-simple"},"_links":{"self":[{"href":"https:\/\/singuli.wpress.me\/index.php\/wp-json\/wp\/v2\/product\/41162","targetHints":{"allow":["GET"]}}],"collection":[{"href":"https:\/\/singuli.wpress.me\/index.php\/wp-json\/wp\/v2\/product"}],"about":[{"href":"https:\/\/singuli.wpress.me\/index.php\/wp-json\/wp\/v2\/types\/product"}],"version-history":[{"count":0,"href":"https:\/\/singuli.wpress.me\/index.php\/wp-json\/wp\/v2\/product\/41162\/revisions"}],"wp:attachment":[{"href":"https:\/\/singuli.wpress.me\/index.php\/wp-json\/wp\/v2\/media?parent=41162"}],"wp:term":[{"taxonomy":"product_brand","embeddable":true,"href":"https:\/\/singuli.wpress.me\/index.php\/wp-json\/wp\/v2\/product_brand?post=41162"},{"taxonomy":"product_cat","embeddable":true,"href":"https:\/\/singuli.wpress.me\/index.php\/wp-json\/wp\/v2\/product_cat?post=41162"},{"taxonomy":"product_tag","embeddable":true,"href":"https:\/\/singuli.wpress.me\/index.php\/wp-json\/wp\/v2\/product_tag?post=41162"}],"curies":[{"name":"wp","href":"https:\/\/api.w.org\/{rel}","templated":true}]}}