{"id":41165,"date":"2026-04-19T15:20:01","date_gmt":"2026-04-19T15:20:01","guid":{"rendered":"https:\/\/singuli.wpress.me\/index.php\/proizvod\/uhu-patafix-homedeco-ljepilo-bijeli\/"},"modified":"2026-04-20T12:33:35","modified_gmt":"2026-04-20T12:33:35","slug":"uhu-patafix-homedeco-ljepilo-bijeli","status":"publish","type":"product","link":"https:\/\/singuli.wpress.me\/index.php\/proizvod\/uhu-patafix-homedeco-ljepilo-bijeli\/","title":{"rendered":"UHU Patafix homedeco, ljepilo, bijeli"},"content":{"rendered":"<p>Ljepljivi jastu\u010di\u0107i koji se lako odljepljuju i mogu se ponovno koristiti za brzo i \u010disto spajanje malih predmeta poput crte\u017ea, fotografija, postera&#8230;na razne povr\u0161ine poput zidova, vrata, namje\u0161taja.<\/p>\n","protected":false},"excerpt":{"rendered":"<p>1000 primjena u ku\u0107i, vrti\u0107u i \u0161koli<br \/>\nMogu\u0107nost ponovnog kori\u0161tenja<br \/>\nDermatolo\u0161ki testirano<\/p>\n","protected":false},"featured_media":0,"template":"","meta":{"_seopress_robots_primary_cat":"","_seopress_titles_title":"","_seopress_titles_desc":"","_seopress_robots_index":"","iawp_total_views":0},"product_brand":[445],"product_cat":[264,238],"product_tag":[],"class_list":{"0":"post-41165","1":"product","2":"type-product","3":"status-publish","5":"product_brand-uhu","6":"product_cat-ljepila-i-brtvila-238","7":"product_cat-sve-za-dom","9":"first","10":"instock","11":"shipping-taxable","12":"purchasable","13":"product-type-simple"},"_links":{"self":[{"href":"https:\/\/singuli.wpress.me\/index.php\/wp-json\/wp\/v2\/product\/41165","targetHints":{"allow":["GET"]}}],"collection":[{"href":"https:\/\/singuli.wpress.me\/index.php\/wp-json\/wp\/v2\/product"}],"about":[{"href":"https:\/\/singuli.wpress.me\/index.php\/wp-json\/wp\/v2\/types\/product"}],"version-history":[{"count":0,"href":"https:\/\/singuli.wpress.me\/index.php\/wp-json\/wp\/v2\/product\/41165\/revisions"}],"wp:attachment":[{"href":"https:\/\/singuli.wpress.me\/index.php\/wp-json\/wp\/v2\/media?parent=41165"}],"wp:term":[{"taxonomy":"product_brand","embeddable":true,"href":"https:\/\/singuli.wpress.me\/index.php\/wp-json\/wp\/v2\/product_brand?post=41165"},{"taxonomy":"product_cat","embeddable":true,"href":"https:\/\/singuli.wpress.me\/index.php\/wp-json\/wp\/v2\/product_cat?post=41165"},{"taxonomy":"product_tag","embeddable":true,"href":"https:\/\/singuli.wpress.me\/index.php\/wp-json\/wp\/v2\/product_tag?post=41165"}],"curies":[{"name":"wp","href":"https:\/\/api.w.org\/{rel}","templated":true}]}}