{"id":41168,"date":"2026-04-19T15:20:02","date_gmt":"2026-04-19T15:20:02","guid":{"rendered":"https:\/\/singuli.wpress.me\/index.php\/proizvod\/fisher-price-game-kontroler-za-sveznalice\/"},"modified":"2026-04-20T12:33:35","modified_gmt":"2026-04-20T12:33:35","slug":"fisher-price-game-kontroler-za-sveznalice","status":"publish","type":"product","link":"https:\/\/singuli.wpress.me\/index.php\/proizvod\/fisher-price-game-kontroler-za-sveznalice\/","title":{"rendered":"FISHER PRICE, game kontroler, za sveznalice"},"content":{"rendered":"<p>Va\u0161e maleno mo\u017ee u\u017eivati u zabavnoj igri s Fisher-Price kontrolerom s dva na\u010dina igre.<\/p>\n<p>Kako maleni gejmeri priti\u0161\u0107u tipke sa slovima i brojevima, \u010dut \u0107e zabavne pjesme, zvukove i fraze koje ih upoznaju s brojevima, oblicima, bojama i vi\u0161e!<\/p>\n<p>Kada razvoj postane igra!<\/p>\n<p>U\u010denje: Zabavne pjesmice i fraze upoznaju dijete s brojevima, oblicima,bojama i vi\u0161e.<\/p>\n<p>Fine motori\u010dke vje\u0161tine:  Kako mali prsti\u0107i hvataju, priti\u0161\u0107u, okre\u0107u i pomi\u010du tipke, razvijaju se fine motori\u010dke vje\u0161tine kao \u0161to su spretnost i koordinacija ruka-oko.<\/p>\n<p>Kreativnost i ma\u0161tovitost: Realisti\u010dan izgled poti\u010de ranu igru uloga i razvijanje ma\u0161te va\u0161ih malenih.<\/p>\n<p>2 glazbena moda: U\u010denje i Igra<\/p>\n<p>&#8221;Lice&#8221; kontrolera svijetli u razli\u010ditim bojama.<\/p>\n","protected":false},"excerpt":{"rendered":"<p>Poti\u010de motori\u010dke vje\u0161tine<br \/>\nPoti\u010de kreativnost i ma\u0161tovitost<br \/>\n2 glazbena moda: u\u010denje i igra<\/p>\n","protected":false},"featured_media":0,"template":"","meta":{"_seopress_robots_primary_cat":"","_seopress_titles_title":"","_seopress_titles_desc":"","_seopress_robots_index":"","iawp_total_views":0},"product_brand":[458],"product_cat":[221,291],"product_tag":[],"class_list":{"0":"post-41168","1":"product","2":"type-product","3":"status-publish","5":"product_brand-fisher-price","6":"product_cat-igracke","7":"product_cat-igracke-za-djecu-221","9":"first","10":"instock","11":"shipping-taxable","12":"purchasable","13":"product-type-simple"},"_links":{"self":[{"href":"https:\/\/singuli.wpress.me\/index.php\/wp-json\/wp\/v2\/product\/41168","targetHints":{"allow":["GET"]}}],"collection":[{"href":"https:\/\/singuli.wpress.me\/index.php\/wp-json\/wp\/v2\/product"}],"about":[{"href":"https:\/\/singuli.wpress.me\/index.php\/wp-json\/wp\/v2\/types\/product"}],"version-history":[{"count":0,"href":"https:\/\/singuli.wpress.me\/index.php\/wp-json\/wp\/v2\/product\/41168\/revisions"}],"wp:attachment":[{"href":"https:\/\/singuli.wpress.me\/index.php\/wp-json\/wp\/v2\/media?parent=41168"}],"wp:term":[{"taxonomy":"product_brand","embeddable":true,"href":"https:\/\/singuli.wpress.me\/index.php\/wp-json\/wp\/v2\/product_brand?post=41168"},{"taxonomy":"product_cat","embeddable":true,"href":"https:\/\/singuli.wpress.me\/index.php\/wp-json\/wp\/v2\/product_cat?post=41168"},{"taxonomy":"product_tag","embeddable":true,"href":"https:\/\/singuli.wpress.me\/index.php\/wp-json\/wp\/v2\/product_tag?post=41168"}],"curies":[{"name":"wp","href":"https:\/\/api.w.org\/{rel}","templated":true}]}}