{"id":41171,"date":"2026-04-19T15:20:02","date_gmt":"2026-04-19T15:20:02","guid":{"rendered":"https:\/\/singuli.wpress.me\/index.php\/proizvod\/naturella-dnevni-ulosci-light-camomile-20-kom\/"},"modified":"2026-04-20T12:33:35","modified_gmt":"2026-04-20T12:33:35","slug":"naturella-dnevni-ulosci-light-camomile-20-kom","status":"publish","type":"product","link":"https:\/\/singuli.wpress.me\/index.php\/proizvod\/naturella-dnevni-ulosci-light-camomile-20-kom\/","title":{"rendered":"NATURELLA, dnevni ulo\u0161ci, Light Camomile, 20\u00a0kom"},"content":{"rendered":"<p>Uz Naturelline tanke i fleksibilne dnevne ulo\u0161ke s mirisom nadahnutim kamilicom ostat \u0107ete svje\u017ei kamo god da vas \u017eivot odvede. Sa\u010duvajte svje\u017einu cijelog dana s dnevnim ulo\u0161cima Naturella Light!<\/p>\n","protected":false},"excerpt":{"rendered":"<p>S mirisom nadahnutim kamilicom<br \/>\nZa cjelodnevnu svje\u017einu<br \/>\nMekani i nje\u017eni prema ko\u017ei intimnih dijelova tijela<\/p>\n","protected":false},"featured_media":0,"template":"","meta":{"_seopress_robots_primary_cat":"","_seopress_titles_title":"","_seopress_titles_desc":"","_seopress_robots_index":"","iawp_total_views":0},"product_brand":[438],"product_cat":[211,288],"product_tag":[],"class_list":{"0":"post-41171","1":"product","2":"type-product","3":"status-publish","5":"product_brand-naturella","6":"product_cat-njega-majke-i-djeteta","7":"product_cat-zenska-higijena-211","9":"first","10":"instock","11":"shipping-taxable","12":"purchasable","13":"product-type-simple"},"_links":{"self":[{"href":"https:\/\/singuli.wpress.me\/index.php\/wp-json\/wp\/v2\/product\/41171","targetHints":{"allow":["GET"]}}],"collection":[{"href":"https:\/\/singuli.wpress.me\/index.php\/wp-json\/wp\/v2\/product"}],"about":[{"href":"https:\/\/singuli.wpress.me\/index.php\/wp-json\/wp\/v2\/types\/product"}],"version-history":[{"count":0,"href":"https:\/\/singuli.wpress.me\/index.php\/wp-json\/wp\/v2\/product\/41171\/revisions"}],"wp:attachment":[{"href":"https:\/\/singuli.wpress.me\/index.php\/wp-json\/wp\/v2\/media?parent=41171"}],"wp:term":[{"taxonomy":"product_brand","embeddable":true,"href":"https:\/\/singuli.wpress.me\/index.php\/wp-json\/wp\/v2\/product_brand?post=41171"},{"taxonomy":"product_cat","embeddable":true,"href":"https:\/\/singuli.wpress.me\/index.php\/wp-json\/wp\/v2\/product_cat?post=41171"},{"taxonomy":"product_tag","embeddable":true,"href":"https:\/\/singuli.wpress.me\/index.php\/wp-json\/wp\/v2\/product_tag?post=41171"}],"curies":[{"name":"wp","href":"https:\/\/api.w.org\/{rel}","templated":true}]}}