{"id":41174,"date":"2026-04-19T15:20:03","date_gmt":"2026-04-19T15:20:03","guid":{"rendered":"https:\/\/singuli.wpress.me\/index.php\/proizvod\/twistshake-spremnik-za-formulu-bijeli-1700-ml\/"},"modified":"2026-04-20T12:33:35","modified_gmt":"2026-04-20T12:33:35","slug":"twistshake-spremnik-za-formulu-bijeli-1700-ml","status":"publish","type":"product","link":"https:\/\/singuli.wpress.me\/index.php\/proizvod\/twistshake-spremnik-za-formulu-bijeli-1700-ml\/","title":{"rendered":"TWISTSHAKE, spremnik za formulu, bijeli, 1700\u00a0ml"},"content":{"rendered":"<p>Twisthake pametna posuda za pohranjivanje adaptiranog mlijeka i ostalih namirnica izvrsno je rje\u0161enje za pohranjivanje hrane va\u0161e bebe. Proizvod je dizajniran prema higijenskim standardima i ima nepropusni poklopac koji je vakumski zatvoren i lako se otvara klikom. Pametni rub i \u017eli\u010dica koju dobijete uz posudu olak\u0161ava hvatanje odgovaraju\u0107e koli\u010dine hrane za va\u0161e dijete.<\/p>\n","protected":false},"excerpt":{"rendered":"<p>Jenostavno otvaranje samo jednim klikom<br \/>\nPametna \u017eli\u010dica -\u017eli\u010dica je uvijek pri ruci<br \/>\nHigijensko skladi\u0161tenje &#8211; idealno za spremanje adaptiranog mlijeka<\/p>\n","protected":false},"featured_media":0,"template":"","meta":{"_seopress_robots_primary_cat":"","_seopress_titles_title":"","_seopress_titles_desc":"","_seopress_robots_index":"","iawp_total_views":0},"product_brand":[433],"product_cat":[274,238],"product_tag":[],"class_list":{"0":"post-41174","1":"product","2":"type-product","3":"status-publish","5":"product_brand-twistshake","6":"product_cat-kucanski-pribor-238","7":"product_cat-sve-za-dom","9":"first","10":"outofstock","11":"shipping-taxable","12":"purchasable","13":"product-type-simple"},"_links":{"self":[{"href":"https:\/\/singuli.wpress.me\/index.php\/wp-json\/wp\/v2\/product\/41174","targetHints":{"allow":["GET"]}}],"collection":[{"href":"https:\/\/singuli.wpress.me\/index.php\/wp-json\/wp\/v2\/product"}],"about":[{"href":"https:\/\/singuli.wpress.me\/index.php\/wp-json\/wp\/v2\/types\/product"}],"version-history":[{"count":0,"href":"https:\/\/singuli.wpress.me\/index.php\/wp-json\/wp\/v2\/product\/41174\/revisions"}],"wp:attachment":[{"href":"https:\/\/singuli.wpress.me\/index.php\/wp-json\/wp\/v2\/media?parent=41174"}],"wp:term":[{"taxonomy":"product_brand","embeddable":true,"href":"https:\/\/singuli.wpress.me\/index.php\/wp-json\/wp\/v2\/product_brand?post=41174"},{"taxonomy":"product_cat","embeddable":true,"href":"https:\/\/singuli.wpress.me\/index.php\/wp-json\/wp\/v2\/product_cat?post=41174"},{"taxonomy":"product_tag","embeddable":true,"href":"https:\/\/singuli.wpress.me\/index.php\/wp-json\/wp\/v2\/product_tag?post=41174"}],"curies":[{"name":"wp","href":"https:\/\/api.w.org\/{rel}","templated":true}]}}