{"id":41176,"date":"2026-04-19T15:20:03","date_gmt":"2026-04-19T15:20:03","guid":{"rendered":"https:\/\/singuli.wpress.me\/index.php\/proizvod\/naturella-dnevni-ulosci-normal-to-go-20-kom\/"},"modified":"2026-04-20T12:33:35","modified_gmt":"2026-04-20T12:33:35","slug":"naturella-dnevni-ulosci-normal-to-go-20-kom","status":"publish","type":"product","link":"https:\/\/singuli.wpress.me\/index.php\/proizvod\/naturella-dnevni-ulosci-normal-to-go-20-kom\/","title":{"rendered":"NATURELLA, dnevni ulo\u0161ci, Normal To Go, 20\u00a0kom"},"content":{"rendered":"<p>Svaki novi dan nova je prilika za novi po\u010detak. Osje\u0107ajte se ugodno i za\u0161ti\u0107eno tijekom cijelog dana s pojedina\u010dno pakiranim tankim i fleksibilnim dnevnim ulo\u0161cima Naturella Normal.<\/p>\n","protected":false},"excerpt":{"rendered":"<p>Pojedina\u010dno pakirani dnevni ulo\u0161ci<br \/>\nDermatolo\u0161ki testirano nje\u017eni prema ko\u017ei<br \/>\nPouzdana svje\u017eina i suho\u0107a<\/p>\n","protected":false},"featured_media":0,"template":"","meta":{"_seopress_robots_primary_cat":"","_seopress_titles_title":"","_seopress_titles_desc":"","_seopress_robots_index":"","iawp_total_views":0},"product_brand":[438],"product_cat":[211,288],"product_tag":[],"class_list":{"0":"post-41176","1":"product","2":"type-product","3":"status-publish","5":"product_brand-naturella","6":"product_cat-njega-majke-i-djeteta","7":"product_cat-zenska-higijena-211","9":"first","10":"instock","11":"shipping-taxable","12":"purchasable","13":"product-type-simple"},"_links":{"self":[{"href":"https:\/\/singuli.wpress.me\/index.php\/wp-json\/wp\/v2\/product\/41176","targetHints":{"allow":["GET"]}}],"collection":[{"href":"https:\/\/singuli.wpress.me\/index.php\/wp-json\/wp\/v2\/product"}],"about":[{"href":"https:\/\/singuli.wpress.me\/index.php\/wp-json\/wp\/v2\/types\/product"}],"version-history":[{"count":0,"href":"https:\/\/singuli.wpress.me\/index.php\/wp-json\/wp\/v2\/product\/41176\/revisions"}],"wp:attachment":[{"href":"https:\/\/singuli.wpress.me\/index.php\/wp-json\/wp\/v2\/media?parent=41176"}],"wp:term":[{"taxonomy":"product_brand","embeddable":true,"href":"https:\/\/singuli.wpress.me\/index.php\/wp-json\/wp\/v2\/product_brand?post=41176"},{"taxonomy":"product_cat","embeddable":true,"href":"https:\/\/singuli.wpress.me\/index.php\/wp-json\/wp\/v2\/product_cat?post=41176"},{"taxonomy":"product_tag","embeddable":true,"href":"https:\/\/singuli.wpress.me\/index.php\/wp-json\/wp\/v2\/product_tag?post=41176"}],"curies":[{"name":"wp","href":"https:\/\/api.w.org\/{rel}","templated":true}]}}