{"id":41177,"date":"2026-04-19T15:20:03","date_gmt":"2026-04-19T15:20:03","guid":{"rendered":"https:\/\/singuli.wpress.me\/index.php\/proizvod\/wahl-home-pro-clipper-sisac\/"},"modified":"2026-04-20T12:33:35","modified_gmt":"2026-04-20T12:33:35","slug":"wahl-home-pro-clipper-sisac","status":"publish","type":"product","link":"https:\/\/singuli.wpress.me\/index.php\/proizvod\/wahl-home-pro-clipper-sisac\/","title":{"rendered":"WAHL Home Pro Clipper, \u0161i\u0161a\u010d"},"content":{"rendered":"<p><span style=\"font-weight: bold;color: #4472C4\">Wahl Home Pro Clipper<\/span><span style=\"color: #4472C4\"> savr\u0161en je komplet za jednostavno i profesionalno \u0161i\u0161anje u udobnosti vlastitog doma. Inspiriran brija\u010dnicama i kozmeti\u010dkim salonima, stroj za \u0161i\u0161anje nudi preciznost i u\u010dinak koji su vam potrebni za savr\u0161enu frizuru.<\/p>\n<p>Samoo\u0161tre\u0107e o\u0161trice dizajnirane su da ostanu o\u0161tre \u010dak i nakon dugotrajne uporabe i osiguravaju precizan rez bez nereda. Elektromagnetski vibracijski motor pru\u017ea sna\u017ean i pouzdan rad, \u0161to zna\u010di da se mo\u017eete prepustiti bezbri\u017enom \u0161i\u0161anju kose bez prekida<\/span><\/p>\n","protected":false},"excerpt":{"rendered":"<p>Set od 22 dijela za jednostavno i profesionalno \u0161i\u0161anje.<br \/>\nSamoo\u0161tre\u0107e o\u0161trice za precizno i \u200b\u200b\u010disto \u0161i\u0161anje.<br \/>\n8 nastavaka za razli\u010dite duljine \u0161i\u0161anja za prilagodbu va\u0161oj frizuri.<\/p>\n","protected":false},"featured_media":0,"template":"","meta":{"_seopress_robots_primary_cat":"","_seopress_titles_title":"","_seopress_titles_desc":"","_seopress_robots_index":"","iawp_total_views":0},"product_brand":[159],"product_cat":[192,279],"product_tag":[],"class_list":{"0":"post-41177","1":"product","2":"type-product","3":"status-publish","5":"product_brand-wahl","6":"product_cat-aparati-za-osobnu-njegu","7":"product_cat-brijanje-i-sisanje-192","9":"first","10":"outofstock","11":"shipping-taxable","12":"purchasable","13":"product-type-simple"},"_links":{"self":[{"href":"https:\/\/singuli.wpress.me\/index.php\/wp-json\/wp\/v2\/product\/41177","targetHints":{"allow":["GET"]}}],"collection":[{"href":"https:\/\/singuli.wpress.me\/index.php\/wp-json\/wp\/v2\/product"}],"about":[{"href":"https:\/\/singuli.wpress.me\/index.php\/wp-json\/wp\/v2\/types\/product"}],"version-history":[{"count":0,"href":"https:\/\/singuli.wpress.me\/index.php\/wp-json\/wp\/v2\/product\/41177\/revisions"}],"wp:attachment":[{"href":"https:\/\/singuli.wpress.me\/index.php\/wp-json\/wp\/v2\/media?parent=41177"}],"wp:term":[{"taxonomy":"product_brand","embeddable":true,"href":"https:\/\/singuli.wpress.me\/index.php\/wp-json\/wp\/v2\/product_brand?post=41177"},{"taxonomy":"product_cat","embeddable":true,"href":"https:\/\/singuli.wpress.me\/index.php\/wp-json\/wp\/v2\/product_cat?post=41177"},{"taxonomy":"product_tag","embeddable":true,"href":"https:\/\/singuli.wpress.me\/index.php\/wp-json\/wp\/v2\/product_tag?post=41177"}],"curies":[{"name":"wp","href":"https:\/\/api.w.org\/{rel}","templated":true}]}}