{"id":41180,"date":"2026-04-19T15:20:05","date_gmt":"2026-04-19T15:20:05","guid":{"rendered":"https:\/\/singuli.wpress.me\/index.php\/proizvod\/borotalco-manneti-active-dezodorans-u-spreju-sea-salts-150-ml-2\/"},"modified":"2026-04-20T12:33:35","modified_gmt":"2026-04-20T12:33:35","slug":"borotalco-manneti-active-dezodorans-u-spreju-sea-salts-150-ml-2","status":"publish","type":"product","link":"https:\/\/singuli.wpress.me\/index.php\/proizvod\/borotalco-manneti-active-dezodorans-u-spreju-sea-salts-150-ml-2\/","title":{"rendered":"BOROTALCO Manneti Active, dezodorans u spreju, Sea Salts, 150\u00a0ml"},"content":{"rendered":"<p>\u0160to se vi\u0161e znoji\u0161, bolje djeluje!<\/p>\n<p>Dezodorans Active, s inovativnom tehnologijom Odor-Converter\u2122, sadr\u017ei mikrokapsule koje uslijed znojenja i kretanja osloba\u0111aju dodatan miris u pravom trenutku, za osje\u0107aj dugotrajne svje\u017eine. U\u010dinkovitost testirana pod fizi\u010dkim naporom.<\/p>\n<p>Sea Salts \u2013 miris koji budi osjetila: svje\u017einu morskog srca s puderastim akcentima zatvaraju elegantne citrusne note.<\/p>\n","protected":false},"excerpt":{"rendered":"<p>Pru\u017ea pouzdanu za\u0161titi od znojenja i neugodnim mirisa<br \/>\nInovativna formula s mikrokapsulama koje se aktiviraju kretanjem<br \/>\nOsvje\u017eavaju\u0107i miris morske soli<\/p>\n","protected":false},"featured_media":0,"template":"","meta":{"_seopress_robots_primary_cat":"","_seopress_titles_title":"","_seopress_titles_desc":"","_seopress_robots_index":"","iawp_total_views":0},"product_brand":[484],"product_cat":[285,268],"product_tag":[],"class_list":{"0":"post-41180","1":"product","2":"type-product","3":"status-publish","5":"product_brand-borotalco","6":"product_cat-dezodoransi-268","7":"product_cat-kozmetika-2","9":"first","10":"outofstock","11":"shipping-taxable","12":"purchasable","13":"product-type-simple"},"_links":{"self":[{"href":"https:\/\/singuli.wpress.me\/index.php\/wp-json\/wp\/v2\/product\/41180","targetHints":{"allow":["GET"]}}],"collection":[{"href":"https:\/\/singuli.wpress.me\/index.php\/wp-json\/wp\/v2\/product"}],"about":[{"href":"https:\/\/singuli.wpress.me\/index.php\/wp-json\/wp\/v2\/types\/product"}],"version-history":[{"count":0,"href":"https:\/\/singuli.wpress.me\/index.php\/wp-json\/wp\/v2\/product\/41180\/revisions"}],"wp:attachment":[{"href":"https:\/\/singuli.wpress.me\/index.php\/wp-json\/wp\/v2\/media?parent=41180"}],"wp:term":[{"taxonomy":"product_brand","embeddable":true,"href":"https:\/\/singuli.wpress.me\/index.php\/wp-json\/wp\/v2\/product_brand?post=41180"},{"taxonomy":"product_cat","embeddable":true,"href":"https:\/\/singuli.wpress.me\/index.php\/wp-json\/wp\/v2\/product_cat?post=41180"},{"taxonomy":"product_tag","embeddable":true,"href":"https:\/\/singuli.wpress.me\/index.php\/wp-json\/wp\/v2\/product_tag?post=41180"}],"curies":[{"name":"wp","href":"https:\/\/api.w.org\/{rel}","templated":true}]}}