{"id":41181,"date":"2026-04-19T15:20:05","date_gmt":"2026-04-19T15:20:05","guid":{"rendered":"https:\/\/singuli.wpress.me\/index.php\/proizvod\/medex-kolagenlift-kolagen-u-tekucini-300-ml\/"},"modified":"2026-04-20T12:33:35","modified_gmt":"2026-04-20T12:33:35","slug":"medex-kolagenlift-kolagen-u-tekucini-300-ml","status":"publish","type":"product","link":"https:\/\/singuli.wpress.me\/index.php\/proizvod\/medex-kolagenlift-kolagen-u-tekucini-300-ml\/","title":{"rendered":"MEDEX Kolagenlift, kolagen, u teku\u0107ini, 300\u00a0ml"},"content":{"rendered":"<p>Patentirani riblji kolagen Naticol smanjuje bore te pove\u010dava \u010dvrsto\u0107u i elasti\u010dnost ko\u017ee.<br \/>\n Vitamini A, E i C  i minerali cink i selen doprinose odr\u017eavanju zdrave ko\u017ee i za\u0161titi stanica od oksidativnog stresa.<\/p>\n<p>Preporucena dnevna kolicina je 20 ml koja se mo\u017ee dozirati u prilo\u017eenom poklopcu. Konzumirajte ga samostalno ili s napitkom. Preporuca se uzimanje od minimalno 60 dana. Prije uporabe protresite! Pjenjenje je prirodna pojava zbog visokog sadr\u017eaja proteina u proizvodu.<\/p>\n<p>Kolagen: 5000 mg, Hijaluronska kiselina: 30 mg, Elastin: 100 mg, Vitamin C: 80 mg (100% PU), Vitamin B3: 16 mg (100% PU),  Vitamin D3: 5\u03bcg (100% PU), Vitamin A: 400 \u03bcg (50% PU) Vitamin E: 12 mg, Cink: 2 mg (20% PU), Selen: 55 \u03bcg (100% PU)<\/p>\n","protected":false},"excerpt":{"rendered":"<p>Teku\u0107i dodatak prehrani za smanjenje bora i pomla\u0111eni izgled ko\u017ee<br \/>\nBez umjetnih boja i aroma<br \/>\nTeku\u0107i dodatak prehrani<\/p>\n","protected":false},"featured_media":0,"template":"","meta":{"_seopress_robots_primary_cat":"","_seopress_titles_title":"","_seopress_titles_desc":"","_seopress_robots_index":"","iawp_total_views":0},"product_brand":[415],"product_cat":[268,278],"product_tag":[],"class_list":{"0":"post-41181","1":"product","2":"type-product","3":"status-publish","5":"product_brand-medex","6":"product_cat-kozmetika-2","7":"product_cat-njega-tijela-268","9":"first","10":"instock","11":"shipping-taxable","12":"purchasable","13":"product-type-simple"},"_links":{"self":[{"href":"https:\/\/singuli.wpress.me\/index.php\/wp-json\/wp\/v2\/product\/41181","targetHints":{"allow":["GET"]}}],"collection":[{"href":"https:\/\/singuli.wpress.me\/index.php\/wp-json\/wp\/v2\/product"}],"about":[{"href":"https:\/\/singuli.wpress.me\/index.php\/wp-json\/wp\/v2\/types\/product"}],"version-history":[{"count":0,"href":"https:\/\/singuli.wpress.me\/index.php\/wp-json\/wp\/v2\/product\/41181\/revisions"}],"wp:attachment":[{"href":"https:\/\/singuli.wpress.me\/index.php\/wp-json\/wp\/v2\/media?parent=41181"}],"wp:term":[{"taxonomy":"product_brand","embeddable":true,"href":"https:\/\/singuli.wpress.me\/index.php\/wp-json\/wp\/v2\/product_brand?post=41181"},{"taxonomy":"product_cat","embeddable":true,"href":"https:\/\/singuli.wpress.me\/index.php\/wp-json\/wp\/v2\/product_cat?post=41181"},{"taxonomy":"product_tag","embeddable":true,"href":"https:\/\/singuli.wpress.me\/index.php\/wp-json\/wp\/v2\/product_tag?post=41181"}],"curies":[{"name":"wp","href":"https:\/\/api.w.org\/{rel}","templated":true}]}}