{"id":41189,"date":"2026-04-19T15:20:08","date_gmt":"2026-04-19T15:20:08","guid":{"rendered":"https:\/\/singuli.wpress.me\/index.php\/proizvod\/jacobs-classic-kapsule-10-kom\/"},"modified":"2026-04-21T00:27:07","modified_gmt":"2026-04-21T00:27:07","slug":"jacobs-classic-kapsule-10-kom","status":"publish","type":"product","link":"https:\/\/singuli.wpress.me\/index.php\/proizvod\/jacobs-classic-kapsule-10-kom\/","title":{"rendered":"JACOBS Classic, kapsule, 10\u00a0kom"},"content":{"rendered":"<p>Vrlo uravnote\u017een elegantan okus oboga\u0107en vo\u0107nim notama! Idealan izbor za sve one koji vole klasi\u010dan espresso s bogatom aromom i ugodnim, vo\u0107nim okusom<\/p>\n","protected":false},"excerpt":{"rendered":"<p>Mljevena kava<br \/>\nPakirana u kapsule<br \/>\nKompatibilne s Nespresso aparat za kavu<\/p>\n","protected":false},"featured_media":0,"template":"","meta":{"_seopress_robots_primary_cat":"","_seopress_titles_title":"","_seopress_titles_desc":"","_seopress_robots_index":"","iawp_total_views":0},"product_brand":[419],"product_cat":[211,289],"product_tag":[],"class_list":{"0":"post-41189","1":"product","2":"type-product","3":"status-publish","5":"product_brand-jacobs","6":"product_cat-njega-majke-i-djeteta","7":"product_cat-trudnoca-i-vitamini-211","9":"first","10":"instock","11":"shipping-taxable","12":"purchasable","13":"product-type-simple"},"_links":{"self":[{"href":"https:\/\/singuli.wpress.me\/index.php\/wp-json\/wp\/v2\/product\/41189","targetHints":{"allow":["GET"]}}],"collection":[{"href":"https:\/\/singuli.wpress.me\/index.php\/wp-json\/wp\/v2\/product"}],"about":[{"href":"https:\/\/singuli.wpress.me\/index.php\/wp-json\/wp\/v2\/types\/product"}],"version-history":[{"count":0,"href":"https:\/\/singuli.wpress.me\/index.php\/wp-json\/wp\/v2\/product\/41189\/revisions"}],"wp:attachment":[{"href":"https:\/\/singuli.wpress.me\/index.php\/wp-json\/wp\/v2\/media?parent=41189"}],"wp:term":[{"taxonomy":"product_brand","embeddable":true,"href":"https:\/\/singuli.wpress.me\/index.php\/wp-json\/wp\/v2\/product_brand?post=41189"},{"taxonomy":"product_cat","embeddable":true,"href":"https:\/\/singuli.wpress.me\/index.php\/wp-json\/wp\/v2\/product_cat?post=41189"},{"taxonomy":"product_tag","embeddable":true,"href":"https:\/\/singuli.wpress.me\/index.php\/wp-json\/wp\/v2\/product_tag?post=41189"}],"curies":[{"name":"wp","href":"https:\/\/api.w.org\/{rel}","templated":true}]}}