{"id":41192,"date":"2026-04-19T15:20:08","date_gmt":"2026-04-19T15:20:08","guid":{"rendered":"https:\/\/singuli.wpress.me\/index.php\/proizvod\/uhu-strong-safe-univerzalno-ljepilo-3-g\/"},"modified":"2026-04-20T12:33:35","modified_gmt":"2026-04-20T12:33:35","slug":"uhu-strong-safe-univerzalno-ljepilo-3-g","status":"publish","type":"product","link":"https:\/\/singuli.wpress.me\/index.php\/proizvod\/uhu-strong-safe-univerzalno-ljepilo-3-g\/","title":{"rendered":"UHU Strong &amp; Safe, univerzalno ljepilo, 3\u00a0g"},"content":{"rendered":"<p>Iznimno sna\u017eno i iznimno brzo univerzalno ljepilo u preciznom sustavu za doziranje. <\/p>\n<p>Patentirana formula i sustav za doziranje za jednostavno, precizno nano\u0161enje to\u010dne koli\u010dine ljepila. <\/p>\n","protected":false},"excerpt":{"rendered":"<p>Iznimno sna\u017eno<br \/>\nIznimno brzo<br \/>\nMo\u017ee se korigirati<\/p>\n","protected":false},"featured_media":0,"template":"","meta":{"_seopress_robots_primary_cat":"","_seopress_titles_title":"","_seopress_titles_desc":"","_seopress_robots_index":"","iawp_total_views":0},"product_brand":[445],"product_cat":[264,238],"product_tag":[],"class_list":{"0":"post-41192","1":"product","2":"type-product","3":"status-publish","5":"product_brand-uhu","6":"product_cat-ljepila-i-brtvila-238","7":"product_cat-sve-za-dom","9":"first","10":"instock","11":"shipping-taxable","12":"purchasable","13":"product-type-simple"},"_links":{"self":[{"href":"https:\/\/singuli.wpress.me\/index.php\/wp-json\/wp\/v2\/product\/41192","targetHints":{"allow":["GET"]}}],"collection":[{"href":"https:\/\/singuli.wpress.me\/index.php\/wp-json\/wp\/v2\/product"}],"about":[{"href":"https:\/\/singuli.wpress.me\/index.php\/wp-json\/wp\/v2\/types\/product"}],"version-history":[{"count":0,"href":"https:\/\/singuli.wpress.me\/index.php\/wp-json\/wp\/v2\/product\/41192\/revisions"}],"wp:attachment":[{"href":"https:\/\/singuli.wpress.me\/index.php\/wp-json\/wp\/v2\/media?parent=41192"}],"wp:term":[{"taxonomy":"product_brand","embeddable":true,"href":"https:\/\/singuli.wpress.me\/index.php\/wp-json\/wp\/v2\/product_brand?post=41192"},{"taxonomy":"product_cat","embeddable":true,"href":"https:\/\/singuli.wpress.me\/index.php\/wp-json\/wp\/v2\/product_cat?post=41192"},{"taxonomy":"product_tag","embeddable":true,"href":"https:\/\/singuli.wpress.me\/index.php\/wp-json\/wp\/v2\/product_tag?post=41192"}],"curies":[{"name":"wp","href":"https:\/\/api.w.org\/{rel}","templated":true}]}}