{"id":41197,"date":"2026-04-19T15:20:10","date_gmt":"2026-04-19T15:20:10","guid":{"rendered":"https:\/\/singuli.wpress.me\/index.php\/proizvod\/oral-b-io-ultimate-clean-zamjenske-glave-za-cetkicu-bijeli-4-kom\/"},"modified":"2026-04-21T00:27:07","modified_gmt":"2026-04-21T00:27:07","slug":"oral-b-io-ultimate-clean-zamjenske-glave-za-cetkicu-bijeli-4-kom","status":"publish","type":"product","link":"https:\/\/singuli.wpress.me\/index.php\/proizvod\/oral-b-io-ultimate-clean-zamjenske-glave-za-cetkicu-bijeli-4-kom\/","title":{"rendered":"ORAL-B iO Ultimate Clean, zamjenske glave za \u010detkicu, bijeli , 4\u00a0kom"},"content":{"rendered":"<p>Glava \u010detkice za zube Oral-B iO Ultimate Clean posebno je dizajnirana za u\u010dinkovito \u010di\u0161\u0107enje zubi kako bi se osiguralo do 100% uklanjanje naslaga od prvog dana kori\u0161tenja. \u010cekinje prepoznatljive okrugle glave \u010detkice za zube Oral-B precizno su postavljene kako bi okru\u017eile svaki zub i osigurati najbolje mogu\u0107e \u010di\u0161\u0107enje.<\/p>\n<p>Stomatolozi preporu\u010duju da glavu \u010detkice za zube zamijenite svaka tri mjeseca kako biste dobili najbolje rezultate \u010di\u0161\u0107enja.<\/p>\n<p>Broj bitova uklju\u010denih u ovaj paket: 4<\/p>\n","protected":false},"excerpt":{"rendered":"<p>Dizajniran za u\u010dinkovito \u010di\u0161\u0107enje zuba.<br \/>\nU setu su 4 nastavka.<br \/>\nKompatibilan s Oral-B iO \u010detkicom za zube.<\/p>\n","protected":false},"featured_media":0,"template":"","meta":{"_seopress_robots_primary_cat":"","_seopress_titles_title":"","_seopress_titles_desc":"","_seopress_robots_index":"","iawp_total_views":0},"product_brand":[423],"product_cat":[192,207,209],"product_tag":[],"class_list":{"0":"post-41197","1":"product","2":"type-product","3":"status-publish","5":"product_brand-oral-b-2","6":"product_cat-aparati-za-osobnu-njegu","7":"product_cat-oralna-higijena","8":"product_cat-zamjenske-glave","10":"first","11":"outofstock","12":"shipping-taxable","13":"purchasable","14":"product-type-simple"},"_links":{"self":[{"href":"https:\/\/singuli.wpress.me\/index.php\/wp-json\/wp\/v2\/product\/41197","targetHints":{"allow":["GET"]}}],"collection":[{"href":"https:\/\/singuli.wpress.me\/index.php\/wp-json\/wp\/v2\/product"}],"about":[{"href":"https:\/\/singuli.wpress.me\/index.php\/wp-json\/wp\/v2\/types\/product"}],"version-history":[{"count":0,"href":"https:\/\/singuli.wpress.me\/index.php\/wp-json\/wp\/v2\/product\/41197\/revisions"}],"wp:attachment":[{"href":"https:\/\/singuli.wpress.me\/index.php\/wp-json\/wp\/v2\/media?parent=41197"}],"wp:term":[{"taxonomy":"product_brand","embeddable":true,"href":"https:\/\/singuli.wpress.me\/index.php\/wp-json\/wp\/v2\/product_brand?post=41197"},{"taxonomy":"product_cat","embeddable":true,"href":"https:\/\/singuli.wpress.me\/index.php\/wp-json\/wp\/v2\/product_cat?post=41197"},{"taxonomy":"product_tag","embeddable":true,"href":"https:\/\/singuli.wpress.me\/index.php\/wp-json\/wp\/v2\/product_tag?post=41197"}],"curies":[{"name":"wp","href":"https:\/\/api.w.org\/{rel}","templated":true}]}}