{"id":41198,"date":"2026-04-19T15:20:10","date_gmt":"2026-04-19T15:20:10","guid":{"rendered":"https:\/\/singuli.wpress.me\/index.php\/proizvod\/wahl-groomsman-trimer-za-bradu\/"},"modified":"2026-04-21T00:27:07","modified_gmt":"2026-04-21T00:27:07","slug":"wahl-groomsman-trimer-za-bradu","status":"publish","type":"product","link":"https:\/\/singuli.wpress.me\/index.php\/proizvod\/wahl-groomsman-trimer-za-bradu\/","title":{"rendered":"WAHL Groomsman, trimer za bradu"},"content":{"rendered":"<p>Kabelski\/be\u017ei\u010dni punjivi trimer<\/p>\n","protected":false},"excerpt":{"rendered":"<p>Ergonomski dizajn, lako i lijepo sjedi u ruci &#8211; mekani segmenti hvati\u0161ta za udobnost dr\u017eanja<br \/>\nPrecizno ispolirane \u010deli\u010dne o\u0161trice s visokim udjelom ugljika same se o\u0161tre kako bi \u0161to dulje sa\u010duvale o\u0161trinu<br \/>\nVodilica AccuLock omogu\u0107uje podrezivanje na 6 razli\u010ditih duljina<\/p>\n","protected":false},"featured_media":0,"template":"","meta":{"_seopress_robots_primary_cat":"","_seopress_titles_title":"","_seopress_titles_desc":"","_seopress_robots_index":"","iawp_total_views":0},"product_brand":[159],"product_cat":[280,192,279],"product_tag":[],"class_list":{"0":"post-41198","1":"product","2":"type-product","3":"status-publish","5":"product_brand-wahl","6":"product_cat-aparati-za-muskarce-279","7":"product_cat-aparati-za-osobnu-njegu","8":"product_cat-brijanje-i-sisanje-192","10":"first","11":"outofstock","12":"shipping-taxable","13":"purchasable","14":"product-type-simple"},"_links":{"self":[{"href":"https:\/\/singuli.wpress.me\/index.php\/wp-json\/wp\/v2\/product\/41198","targetHints":{"allow":["GET"]}}],"collection":[{"href":"https:\/\/singuli.wpress.me\/index.php\/wp-json\/wp\/v2\/product"}],"about":[{"href":"https:\/\/singuli.wpress.me\/index.php\/wp-json\/wp\/v2\/types\/product"}],"version-history":[{"count":0,"href":"https:\/\/singuli.wpress.me\/index.php\/wp-json\/wp\/v2\/product\/41198\/revisions"}],"wp:attachment":[{"href":"https:\/\/singuli.wpress.me\/index.php\/wp-json\/wp\/v2\/media?parent=41198"}],"wp:term":[{"taxonomy":"product_brand","embeddable":true,"href":"https:\/\/singuli.wpress.me\/index.php\/wp-json\/wp\/v2\/product_brand?post=41198"},{"taxonomy":"product_cat","embeddable":true,"href":"https:\/\/singuli.wpress.me\/index.php\/wp-json\/wp\/v2\/product_cat?post=41198"},{"taxonomy":"product_tag","embeddable":true,"href":"https:\/\/singuli.wpress.me\/index.php\/wp-json\/wp\/v2\/product_tag?post=41198"}],"curies":[{"name":"wp","href":"https:\/\/api.w.org\/{rel}","templated":true}]}}