{"id":41201,"date":"2026-04-19T15:20:11","date_gmt":"2026-04-19T15:20:11","guid":{"rendered":"https:\/\/singuli.wpress.me\/index.php\/proizvod\/glade-apple-cosy-cider-mirisna-svijeca-224-g\/"},"modified":"2026-04-20T12:33:35","modified_gmt":"2026-04-20T12:33:35","slug":"glade-apple-cosy-cider-mirisna-svijeca-224-g","status":"publish","type":"product","link":"https:\/\/singuli.wpress.me\/index.php\/proizvod\/glade-apple-cosy-cider-mirisna-svijeca-224-g\/","title":{"rendered":"GLADE Apple Cosy Cider, mirisna svije\u0107a, 224\u00a0g"},"content":{"rendered":"<p>Glade\u00ae Mirisna svije\u0107a pru\u017ea ugodan miris oboga\u0107en esencijalnim uljima koji ispunjava cijelu prostoriju. <\/p>\n<p>Inspirirajte se blagdanskim mirisima zimskih za\u010dina i svje\u017eeg soka od jabuke te pokrenite dugoo\u010dekivanu zabavu u va\u0161em domu.<\/p>\n","protected":false},"excerpt":{"rendered":"<p>Ispunjava prostor ugodnim mirisom<br \/>\nIdealan za stvaranje blagdanskog ugo\u0111aja<br \/>\nMiris oboga\u0107en esencijalnim uljima<\/p>\n","protected":false},"featured_media":0,"template":"","meta":{"_seopress_robots_primary_cat":"","_seopress_titles_title":"","_seopress_titles_desc":"","_seopress_robots_index":"","iawp_total_views":0},"product_brand":[405],"product_cat":[294,238],"product_tag":[],"class_list":{"0":"post-41201","1":"product","2":"type-product","3":"status-publish","5":"product_brand-glade","6":"product_cat-osvjezivaci-zraka-238","7":"product_cat-sve-za-dom","9":"first","10":"outofstock","11":"shipping-taxable","12":"purchasable","13":"product-type-simple"},"_links":{"self":[{"href":"https:\/\/singuli.wpress.me\/index.php\/wp-json\/wp\/v2\/product\/41201","targetHints":{"allow":["GET"]}}],"collection":[{"href":"https:\/\/singuli.wpress.me\/index.php\/wp-json\/wp\/v2\/product"}],"about":[{"href":"https:\/\/singuli.wpress.me\/index.php\/wp-json\/wp\/v2\/types\/product"}],"version-history":[{"count":0,"href":"https:\/\/singuli.wpress.me\/index.php\/wp-json\/wp\/v2\/product\/41201\/revisions"}],"wp:attachment":[{"href":"https:\/\/singuli.wpress.me\/index.php\/wp-json\/wp\/v2\/media?parent=41201"}],"wp:term":[{"taxonomy":"product_brand","embeddable":true,"href":"https:\/\/singuli.wpress.me\/index.php\/wp-json\/wp\/v2\/product_brand?post=41201"},{"taxonomy":"product_cat","embeddable":true,"href":"https:\/\/singuli.wpress.me\/index.php\/wp-json\/wp\/v2\/product_cat?post=41201"},{"taxonomy":"product_tag","embeddable":true,"href":"https:\/\/singuli.wpress.me\/index.php\/wp-json\/wp\/v2\/product_tag?post=41201"}],"curies":[{"name":"wp","href":"https:\/\/api.w.org\/{rel}","templated":true}]}}