{"id":41207,"date":"2026-04-19T15:20:13","date_gmt":"2026-04-19T15:20:13","guid":{"rendered":"https:\/\/singuli.wpress.me\/index.php\/proizvod\/spirax-s4-cx-10w-mjenjacko-i-hidraulicko-ulje-209-l\/"},"modified":"2026-04-20T12:33:35","modified_gmt":"2026-04-20T12:33:35","slug":"spirax-s4-cx-10w-mjenjacko-i-hidraulicko-ulje-209-l","status":"publish","type":"product","link":"https:\/\/singuli.wpress.me\/index.php\/proizvod\/spirax-s4-cx-10w-mjenjacko-i-hidraulicko-ulje-209-l\/","title":{"rendered":"SPIRAX S4 CX 10W, mjenja\u010dko i hidrauli\u010dko ulje, 209\u00a0l"},"content":{"rendered":"<p>Vi\u0161enamjenesko mjenja\u010dko i hidrauli\u010dko ulje visokih performansi za terenska vozila. Dizajnirano je za nesmetan rad i maksimalnu pouzdanost u cijelom radnom vijeku opreme. Zadovoljava te\u0161ke zahtjeve modernih mjenja\u010da, diferencijala, mokrih ko\u010dnica i hidrauli\u010dkih sustava ugra\u0111enih na te\u0161ko optere\u0107enim strojevima. Minimalno proklizavanje spojke, ugla\u0111eni i tihi rad ko\u010dnica, nesmetan rad prijenosa.<\/p>\n<p>Specifikacija: Caterpillar TO-4, ZF TE-ML 03C, prikladno za uporabu u aplikacijama koje zahtijevaju Allison C-4 ulje, Komatsu i Caterpillar strojeve kao i za Komatsu-Dresser i transmisje Eaton, Eaton-Fuller, ZF, Dana, Rockwell.<\/p>\n","protected":false},"excerpt":{"rendered":"<p>Kompatibilnost sa metalnim i nemetalnim materijalima<br \/>\nZa\u0161tita tijekom hladnog starta<br \/>\nVi\u0161enamjensko mjenja\u010dko i hidrauli\u010dko ulje za terenska vozila<\/p>\n","protected":false},"featured_media":0,"template":"","meta":{"_seopress_robots_primary_cat":"","_seopress_titles_title":"","_seopress_titles_desc":"","_seopress_robots_index":"","iawp_total_views":0},"product_brand":[371],"product_cat":[243,276],"product_tag":[],"class_list":{"0":"post-41207","1":"product","2":"type-product","3":"status-publish","5":"product_brand-spirax","6":"product_cat-automobili-i-motori","7":"product_cat-industrijska-i-specijalna-ulja-243","9":"first","10":"instock","11":"shipping-taxable","12":"purchasable","13":"product-type-simple"},"_links":{"self":[{"href":"https:\/\/singuli.wpress.me\/index.php\/wp-json\/wp\/v2\/product\/41207","targetHints":{"allow":["GET"]}}],"collection":[{"href":"https:\/\/singuli.wpress.me\/index.php\/wp-json\/wp\/v2\/product"}],"about":[{"href":"https:\/\/singuli.wpress.me\/index.php\/wp-json\/wp\/v2\/types\/product"}],"version-history":[{"count":0,"href":"https:\/\/singuli.wpress.me\/index.php\/wp-json\/wp\/v2\/product\/41207\/revisions"}],"wp:attachment":[{"href":"https:\/\/singuli.wpress.me\/index.php\/wp-json\/wp\/v2\/media?parent=41207"}],"wp:term":[{"taxonomy":"product_brand","embeddable":true,"href":"https:\/\/singuli.wpress.me\/index.php\/wp-json\/wp\/v2\/product_brand?post=41207"},{"taxonomy":"product_cat","embeddable":true,"href":"https:\/\/singuli.wpress.me\/index.php\/wp-json\/wp\/v2\/product_cat?post=41207"},{"taxonomy":"product_tag","embeddable":true,"href":"https:\/\/singuli.wpress.me\/index.php\/wp-json\/wp\/v2\/product_tag?post=41207"}],"curies":[{"name":"wp","href":"https:\/\/api.w.org\/{rel}","templated":true}]}}