{"id":41209,"date":"2026-04-19T15:20:14","date_gmt":"2026-04-19T15:20:14","guid":{"rendered":"https:\/\/singuli.wpress.me\/index.php\/proizvod\/barbie-lutka-modna-frajerica\/"},"modified":"2026-04-20T12:33:35","modified_gmt":"2026-04-20T12:33:35","slug":"barbie-lutka-modna-frajerica","status":"publish","type":"product","link":"https:\/\/singuli.wpress.me\/index.php\/proizvod\/barbie-lutka-modna-frajerica\/","title":{"rendered":"BARBIE, lutka, modna frajerica"},"content":{"rendered":"<p>Barbie modn frajerica slavi raznolikost &#8211; raznim tonovima ko\u017ee, boje o\u010diju, tipovima tijela i modnim kombinacijama odra\u017eava svijet koji djeca danas vide.  <\/p>\n<p>Sada Ken modni frajer dolazi u plasti\u010dnoj vi\u0161enamjenskoj ambala\u017ei s patentom. Takva ambala\u017ea se mo\u017ee koristiti kao pernica, kozmeti\u010dka torbica, spremi\u0161te za Barbie odje\u0107u ili cipele ili kako god va\u0161i maleni \u017eele. <\/p>\n<p>Barbie lutka ne mo\u017ee samostalno stajati. <\/p>\n<p>Boje i dekoracije mogu se razlikovati.<\/p>\n<p>Dob: 3+ godina.<\/p>\n<p><span style=\"font-weight: bold\">Igra\u010dka dolazi u vi\u0161e razli\u010ditih modela, a isporuka ovisi o njihovoj trenutnoj raspolo\u017eivosti. <\/span><\/p>\n","protected":false},"excerpt":{"rendered":"<p>Modna frajerica slavi raznolikost<br \/>\nVi\u0161enamjenska ambala\u017ea s patentom<br \/>\nDob: 3+god<\/p>\n","protected":false},"featured_media":0,"template":"","meta":{"_seopress_robots_primary_cat":"","_seopress_titles_title":"","_seopress_titles_desc":"","_seopress_robots_index":"","iawp_total_views":0},"product_brand":[324],"product_cat":[221,291],"product_tag":[],"class_list":{"0":"post-41209","1":"product","2":"type-product","3":"status-publish","5":"product_brand-barbie","6":"product_cat-igracke","7":"product_cat-igracke-za-djecu-221","9":"first","10":"instock","11":"shipping-taxable","12":"purchasable","13":"product-type-simple"},"_links":{"self":[{"href":"https:\/\/singuli.wpress.me\/index.php\/wp-json\/wp\/v2\/product\/41209","targetHints":{"allow":["GET"]}}],"collection":[{"href":"https:\/\/singuli.wpress.me\/index.php\/wp-json\/wp\/v2\/product"}],"about":[{"href":"https:\/\/singuli.wpress.me\/index.php\/wp-json\/wp\/v2\/types\/product"}],"version-history":[{"count":0,"href":"https:\/\/singuli.wpress.me\/index.php\/wp-json\/wp\/v2\/product\/41209\/revisions"}],"wp:attachment":[{"href":"https:\/\/singuli.wpress.me\/index.php\/wp-json\/wp\/v2\/media?parent=41209"}],"wp:term":[{"taxonomy":"product_brand","embeddable":true,"href":"https:\/\/singuli.wpress.me\/index.php\/wp-json\/wp\/v2\/product_brand?post=41209"},{"taxonomy":"product_cat","embeddable":true,"href":"https:\/\/singuli.wpress.me\/index.php\/wp-json\/wp\/v2\/product_cat?post=41209"},{"taxonomy":"product_tag","embeddable":true,"href":"https:\/\/singuli.wpress.me\/index.php\/wp-json\/wp\/v2\/product_tag?post=41209"}],"curies":[{"name":"wp","href":"https:\/\/api.w.org\/{rel}","templated":true}]}}