{"id":41218,"date":"2026-04-19T15:20:17","date_gmt":"2026-04-19T15:20:17","guid":{"rendered":"https:\/\/singuli.wpress.me\/index.php\/proizvod\/tampax-tamponi-compak-super-plus-18-kom\/"},"modified":"2026-04-20T12:33:35","modified_gmt":"2026-04-20T12:33:35","slug":"tampax-tamponi-compak-super-plus-18-kom","status":"publish","type":"product","link":"https:\/\/singuli.wpress.me\/index.php\/proizvod\/tampax-tamponi-compak-super-plus-18-kom\/","title":{"rendered":"TAMPAX, tamponi, Compak Super Plus, 18\u00a0kom"},"content":{"rendered":"<p>Tamponi Tampax Compak Super Plus na\u0161i su najbolji tamponi za udobnu i diskretnu za\u0161titu. <\/p>\n<p>Ne sadr\u017ee dodane mirise. <\/p>\n<p>Imaju kompaktan i diskretan glatki plasti\u010dni aplikator sa zaobljenim vrhom za ugodno umetanje. Aplikator se jednostavno dr\u017ei i namje\u0161ta zahvaljuju\u0107i posebno oblikovanom protukliznom hvati\u0161tu. <\/p>\n<p>Tehnologija MotionFit omogu\u0107uje tamponima Tampax Pearl Compak da se nje\u017eno \u0161ire kako bi se prilagodili jedinstvenim zna\u010dajkama va\u0161eg tijela. Uz to, tu je i LeakGuard, pleteni konop\u010di\u0107 koji poma\u017ee sprije\u010diti curenje prije nego \u0161to se ono dogodi. <\/p>\n<p>Tamponi Tampax Pearl Compak imaju \u0161arene i \u010dvrste omote koji se ne\u0107e o\u0161tetiti u torbici te se jednostavno i tiho otvaraju, za potpunu diskreciju. <\/p>\n<p>Tampax Pearl Compak Regular najbolji je Tampaxov tampon za umjerenu mjese\u010dnicu. Tamponi Tampax Pearl Compak ginekolo\u0161ki su testirani. <\/p>\n<p>Tako\u0111er su nezavisno testirani na prisutnost \u0161tetnih tvari, prema sustavu Oeko-Tex. <\/p>\n","protected":false},"excerpt":{"rendered":"<p>Tamponi s aplikatorom<br \/>\nNe sadr\u017ee dodane mirise i boje<br \/>\nS tehnologijom MotionFit za prilago\u0111avanje tijelu<\/p>\n","protected":false},"featured_media":0,"template":"","meta":{"_seopress_robots_primary_cat":"","_seopress_titles_title":"","_seopress_titles_desc":"","_seopress_robots_index":"","iawp_total_views":0},"product_brand":[767],"product_cat":[211,288],"product_tag":[],"class_list":{"0":"post-41218","1":"product","2":"type-product","3":"status-publish","5":"product_brand-tampax","6":"product_cat-njega-majke-i-djeteta","7":"product_cat-zenska-higijena-211","9":"first","10":"outofstock","11":"shipping-taxable","12":"purchasable","13":"product-type-simple"},"_links":{"self":[{"href":"https:\/\/singuli.wpress.me\/index.php\/wp-json\/wp\/v2\/product\/41218","targetHints":{"allow":["GET"]}}],"collection":[{"href":"https:\/\/singuli.wpress.me\/index.php\/wp-json\/wp\/v2\/product"}],"about":[{"href":"https:\/\/singuli.wpress.me\/index.php\/wp-json\/wp\/v2\/types\/product"}],"version-history":[{"count":0,"href":"https:\/\/singuli.wpress.me\/index.php\/wp-json\/wp\/v2\/product\/41218\/revisions"}],"wp:attachment":[{"href":"https:\/\/singuli.wpress.me\/index.php\/wp-json\/wp\/v2\/media?parent=41218"}],"wp:term":[{"taxonomy":"product_brand","embeddable":true,"href":"https:\/\/singuli.wpress.me\/index.php\/wp-json\/wp\/v2\/product_brand?post=41218"},{"taxonomy":"product_cat","embeddable":true,"href":"https:\/\/singuli.wpress.me\/index.php\/wp-json\/wp\/v2\/product_cat?post=41218"},{"taxonomy":"product_tag","embeddable":true,"href":"https:\/\/singuli.wpress.me\/index.php\/wp-json\/wp\/v2\/product_tag?post=41218"}],"curies":[{"name":"wp","href":"https:\/\/api.w.org\/{rel}","templated":true}]}}