{"id":41220,"date":"2026-04-19T15:20:18","date_gmt":"2026-04-19T15:20:18","guid":{"rendered":"https:\/\/singuli.wpress.me\/index.php\/proizvod\/gillette-styler-4u1-visenamjenski-brijac\/"},"modified":"2026-04-21T00:27:07","modified_gmt":"2026-04-21T00:27:07","slug":"gillette-styler-4u1-visenamjenski-brijac","status":"publish","type":"product","link":"https:\/\/singuli.wpress.me\/index.php\/proizvod\/gillette-styler-4u1-visenamjenski-brijac\/","title":{"rendered":"GILLETTE Styler 4u1 vi\u0161enamjenski, brija\u010d"},"content":{"rendered":"<p>Gilletteov Styler 4u1 za mu\u0161karce ravnomjerno podrezuje, temeljito brije, precizno oblikuje rubove, a savr\u0161en je za brigu o dla\u010dicama na tijelu. <\/p>\n<p>Zahvaljuju\u0107i Braunovoj tehnologiji vodootporan je i siguran za upotrebu tijekom tu\u0161iranja. <\/p>\n<p>Ovaj vi\u0161enamjenski styler omogu\u0107uje jednostavno ure\u0111ivanje dla\u010dica na licu i tijelu uz pomo\u0107 samo jednog preciznog ure\u0111aja.<\/p>\n","protected":false},"excerpt":{"rendered":"<p>Brijanje, trimanje i oblikovanje na licu i tijelu<br \/>\nVodootporan i siguran za upotrebu tijekom tu\u0161iranja<br \/>\nPrecizan ure\u0111aj<\/p>\n","protected":false},"featured_media":0,"template":"","meta":{"_seopress_robots_primary_cat":"","_seopress_titles_title":"","_seopress_titles_desc":"","_seopress_robots_index":"","iawp_total_views":0},"product_brand":[323],"product_cat":[280,192,279],"product_tag":[],"class_list":{"0":"post-41220","1":"product","2":"type-product","3":"status-publish","5":"product_brand-gillette","6":"product_cat-aparati-za-muskarce-279","7":"product_cat-aparati-za-osobnu-njegu","8":"product_cat-brijanje-i-sisanje-192","10":"first","11":"instock","12":"shipping-taxable","13":"purchasable","14":"product-type-simple"},"_links":{"self":[{"href":"https:\/\/singuli.wpress.me\/index.php\/wp-json\/wp\/v2\/product\/41220","targetHints":{"allow":["GET"]}}],"collection":[{"href":"https:\/\/singuli.wpress.me\/index.php\/wp-json\/wp\/v2\/product"}],"about":[{"href":"https:\/\/singuli.wpress.me\/index.php\/wp-json\/wp\/v2\/types\/product"}],"version-history":[{"count":0,"href":"https:\/\/singuli.wpress.me\/index.php\/wp-json\/wp\/v2\/product\/41220\/revisions"}],"wp:attachment":[{"href":"https:\/\/singuli.wpress.me\/index.php\/wp-json\/wp\/v2\/media?parent=41220"}],"wp:term":[{"taxonomy":"product_brand","embeddable":true,"href":"https:\/\/singuli.wpress.me\/index.php\/wp-json\/wp\/v2\/product_brand?post=41220"},{"taxonomy":"product_cat","embeddable":true,"href":"https:\/\/singuli.wpress.me\/index.php\/wp-json\/wp\/v2\/product_cat?post=41220"},{"taxonomy":"product_tag","embeddable":true,"href":"https:\/\/singuli.wpress.me\/index.php\/wp-json\/wp\/v2\/product_tag?post=41220"}],"curies":[{"name":"wp","href":"https:\/\/api.w.org\/{rel}","templated":true}]}}