{"id":41228,"date":"2026-04-19T15:20:21","date_gmt":"2026-04-19T15:20:21","guid":{"rendered":"https:\/\/singuli.wpress.me\/index.php\/proizvod\/bison-epoxy-repair-universal-dvokomponentni-epoksidni-kit-56-g\/"},"modified":"2026-04-20T00:25:36","modified_gmt":"2026-04-20T00:25:36","slug":"bison-epoxy-repair-universal-dvokomponentni-epoksidni-kit-56-g","status":"publish","type":"product","link":"https:\/\/singuli.wpress.me\/index.php\/proizvod\/bison-epoxy-repair-universal-dvokomponentni-epoksidni-kit-56-g\/","title":{"rendered":"BISON Epoxy Repair Universal dvokomponentni, epoksidni kit, 56\u00a0g"},"content":{"rendered":"<p>Iznimno \u010dvrst dvokomponentni epoksidni kit.<\/p>\n<p>Prikladan za 1001 popravak u ku\u0107i i oko ku\u0107e, na automobilu, \u010damcu i kamp-ku\u0107ici, strojevima i alatima. Ispunjava pukotine i rupe u kamenu, drvetu, \u010deliku i sinteti\u010dkim materijalima kao \u0161to su poliester i epoksidni spojevi. Savjet: mo\u017ee se upotrebljavati i kao modeliraju\u0107i \u010dep za popunjavanje rupica od vijaka.<\/p>\n<p>Nije prikladno za PE (polietilen), PP (polipropilen) i PTFE<\/p>\n","protected":false},"excerpt":{"rendered":"<p>Mo\u017ee se prebojiti<br \/>\nLako se nanosi<br \/>\nZa unutarnju i vanjsku upotrebu<\/p>\n","protected":false},"featured_media":0,"template":"","meta":{"_seopress_robots_primary_cat":"","_seopress_titles_title":"","_seopress_titles_desc":"","_seopress_robots_index":"","iawp_total_views":0},"product_brand":[494],"product_cat":[264,238],"product_tag":[],"class_list":{"0":"post-41228","1":"product","2":"type-product","3":"status-publish","5":"product_brand-bison","6":"product_cat-ljepila-i-brtvila-238","7":"product_cat-sve-za-dom","9":"first","10":"instock","11":"shipping-taxable","12":"purchasable","13":"product-type-simple"},"_links":{"self":[{"href":"https:\/\/singuli.wpress.me\/index.php\/wp-json\/wp\/v2\/product\/41228","targetHints":{"allow":["GET"]}}],"collection":[{"href":"https:\/\/singuli.wpress.me\/index.php\/wp-json\/wp\/v2\/product"}],"about":[{"href":"https:\/\/singuli.wpress.me\/index.php\/wp-json\/wp\/v2\/types\/product"}],"version-history":[{"count":0,"href":"https:\/\/singuli.wpress.me\/index.php\/wp-json\/wp\/v2\/product\/41228\/revisions"}],"wp:attachment":[{"href":"https:\/\/singuli.wpress.me\/index.php\/wp-json\/wp\/v2\/media?parent=41228"}],"wp:term":[{"taxonomy":"product_brand","embeddable":true,"href":"https:\/\/singuli.wpress.me\/index.php\/wp-json\/wp\/v2\/product_brand?post=41228"},{"taxonomy":"product_cat","embeddable":true,"href":"https:\/\/singuli.wpress.me\/index.php\/wp-json\/wp\/v2\/product_cat?post=41228"},{"taxonomy":"product_tag","embeddable":true,"href":"https:\/\/singuli.wpress.me\/index.php\/wp-json\/wp\/v2\/product_tag?post=41228"}],"curies":[{"name":"wp","href":"https:\/\/api.w.org\/{rel}","templated":true}]}}