{"id":41229,"date":"2026-04-19T15:20:21","date_gmt":"2026-04-19T15:20:21","guid":{"rendered":"https:\/\/singuli.wpress.me\/index.php\/proizvod\/ambi-pur-punjenje-za-elektricni-aparat-spring-awakening-20-ml\/"},"modified":"2026-04-20T12:33:36","modified_gmt":"2026-04-20T12:33:36","slug":"ambi-pur-punjenje-za-elektricni-aparat-spring-awakening-20-ml","status":"publish","type":"product","link":"https:\/\/singuli.wpress.me\/index.php\/proizvod\/ambi-pur-punjenje-za-elektricni-aparat-spring-awakening-20-ml\/","title":{"rendered":"AMBI PUR, punjenje za elektri\u010dni aparat, Spring Awakening, 20\u00a0ml"},"content":{"rendered":"<p>Zamjenjivi ulo\u017eak za elektri\u010dni osvje\u017eiva\u010d prostora Ambi Pur s tehnologijom Odourclear neprestano uklanja neugodne mirise koji se zadr\u017eavaju u prostoru, ostavljaju\u0107i za sobom svje\u017e, blag miris i do 80 dana (ako se upotrebljava 12 sati dnevno na postavci 2). <\/p>\n<p>Spring Awakening lagan je zelenkasti miris nadahnut Lenorovom proljetnom svje\u017einom prirode. Stvorite ugo\u0111aj kakav \u017eelite uz elektri\u010dni osvje\u017eiva\u010d Ambi Pur i bogat izbor kvalitetnih mirisa koji uistinu uklanjaju neugodne mirise kako biste vi i va\u0161i gosti mogli u\u017eivati u predivnom mirisu i svje\u017eini. <\/p>\n<p>Zamjenjive ulo\u0161ke Ambi Pur upotrebljavajte samo s ure\u0111ajima Ambi Pur koji se prodaju zasebno te ispunite svoj dom svje\u017einom i mirisom koje \u0107ete primje\u0107ivati iz dana u dan, iz tjedna u tjedan. <\/p>\n<p>Za trenuta\u010dnu svje\u017einu isprobajte cijeli niz novih proizvoda Ambi Pur s jedinstvenom tehnologijom Odourclear, kao \u0161to su Ambi Purovi osvje\u017eiva\u010di tkanina, zraka i automobila.<\/p>\n","protected":false},"excerpt":{"rendered":"<p>Traje do 80 dana kada se upotrebljava 12 sati dnevno na postavci 2<br \/>\nTehnologija Odourclear ne maskira ve\u0107 uistinu uklanja neugodne mirise<br \/>\nLagan, svje\u017e miris prolje\u0107a<\/p>\n","protected":false},"featured_media":0,"template":"","meta":{"_seopress_robots_primary_cat":"","_seopress_titles_title":"","_seopress_titles_desc":"","_seopress_robots_index":"","iawp_total_views":0},"product_brand":[447],"product_cat":[243,272],"product_tag":[],"class_list":{"0":"post-41229","1":"product","2":"type-product","3":"status-publish","5":"product_brand-ambi-pur","6":"product_cat-automobili-i-motori","7":"product_cat-motorna-ulja-243","9":"first","10":"outofstock","11":"shipping-taxable","12":"purchasable","13":"product-type-simple"},"_links":{"self":[{"href":"https:\/\/singuli.wpress.me\/index.php\/wp-json\/wp\/v2\/product\/41229","targetHints":{"allow":["GET"]}}],"collection":[{"href":"https:\/\/singuli.wpress.me\/index.php\/wp-json\/wp\/v2\/product"}],"about":[{"href":"https:\/\/singuli.wpress.me\/index.php\/wp-json\/wp\/v2\/types\/product"}],"version-history":[{"count":0,"href":"https:\/\/singuli.wpress.me\/index.php\/wp-json\/wp\/v2\/product\/41229\/revisions"}],"wp:attachment":[{"href":"https:\/\/singuli.wpress.me\/index.php\/wp-json\/wp\/v2\/media?parent=41229"}],"wp:term":[{"taxonomy":"product_brand","embeddable":true,"href":"https:\/\/singuli.wpress.me\/index.php\/wp-json\/wp\/v2\/product_brand?post=41229"},{"taxonomy":"product_cat","embeddable":true,"href":"https:\/\/singuli.wpress.me\/index.php\/wp-json\/wp\/v2\/product_cat?post=41229"},{"taxonomy":"product_tag","embeddable":true,"href":"https:\/\/singuli.wpress.me\/index.php\/wp-json\/wp\/v2\/product_tag?post=41229"}],"curies":[{"name":"wp","href":"https:\/\/api.w.org\/{rel}","templated":true}]}}