{"id":41237,"date":"2026-04-19T15:20:24","date_gmt":"2026-04-19T15:20:24","guid":{"rendered":"https:\/\/singuli.wpress.me\/index.php\/proizvod\/uhu-patrone-za-pistolj-125-g\/"},"modified":"2026-04-20T12:33:36","modified_gmt":"2026-04-20T12:33:36","slug":"uhu-patrone-za-pistolj-125-g","status":"publish","type":"product","link":"https:\/\/singuli.wpress.me\/index.php\/proizvod\/uhu-patrone-za-pistolj-125-g\/","title":{"rendered":"UHU, patrone, za pi\u0161tolj, 125\u00a0g"},"content":{"rendered":"<p>Prozirne patrone, elasti\u010dne, ovalnog oblika za pi\u0161tolj za vru\u0107e lijepljenje.<\/p>\n<p>Prikladan za metal, drvo, staklo, keramiku, ko\u017eu, tekstil, mnogo vrsta plastike itd. Brzo, \u010disto i pouzdano lijepi \u010dak i materijale osjetljive na toplinu kao \u0161to su polistiren i mekani PVC. Idealan je za izradu rukotvorina, ukra\u0161avanje i popravke.<\/p>\n<p>Nije prikladno za ve\u0107e povr\u0161ine, polietilen (PE), polipropilen (PP) i P.T.F.E. Nemojte upotrebljavati na potpornim elementima ili predmetima koji su stalno napeti.<\/p>\n","protected":false},"excerpt":{"rendered":"<p>Prozirni i elasti\u010dni<br \/>\nPrikladni i za uporabu na materijalima osjetljivima na toplinu kao \u0161to su polistiren, mekani PVC itd.<br \/>\nBez otapala<\/p>\n","protected":false},"featured_media":0,"template":"","meta":{"_seopress_robots_primary_cat":"","_seopress_titles_title":"","_seopress_titles_desc":"","_seopress_robots_index":"","iawp_total_views":0},"product_brand":[445],"product_cat":[264,238],"product_tag":[],"class_list":{"0":"post-41237","1":"product","2":"type-product","3":"status-publish","5":"product_brand-uhu","6":"product_cat-ljepila-i-brtvila-238","7":"product_cat-sve-za-dom","9":"first","10":"instock","11":"shipping-taxable","12":"purchasable","13":"product-type-simple"},"_links":{"self":[{"href":"https:\/\/singuli.wpress.me\/index.php\/wp-json\/wp\/v2\/product\/41237","targetHints":{"allow":["GET"]}}],"collection":[{"href":"https:\/\/singuli.wpress.me\/index.php\/wp-json\/wp\/v2\/product"}],"about":[{"href":"https:\/\/singuli.wpress.me\/index.php\/wp-json\/wp\/v2\/types\/product"}],"version-history":[{"count":0,"href":"https:\/\/singuli.wpress.me\/index.php\/wp-json\/wp\/v2\/product\/41237\/revisions"}],"wp:attachment":[{"href":"https:\/\/singuli.wpress.me\/index.php\/wp-json\/wp\/v2\/media?parent=41237"}],"wp:term":[{"taxonomy":"product_brand","embeddable":true,"href":"https:\/\/singuli.wpress.me\/index.php\/wp-json\/wp\/v2\/product_brand?post=41237"},{"taxonomy":"product_cat","embeddable":true,"href":"https:\/\/singuli.wpress.me\/index.php\/wp-json\/wp\/v2\/product_cat?post=41237"},{"taxonomy":"product_tag","embeddable":true,"href":"https:\/\/singuli.wpress.me\/index.php\/wp-json\/wp\/v2\/product_tag?post=41237"}],"curies":[{"name":"wp","href":"https:\/\/api.w.org\/{rel}","templated":true}]}}