{"id":41243,"date":"2026-04-19T15:20:26","date_gmt":"2026-04-19T15:20:26","guid":{"rendered":"https:\/\/singuli.wpress.me\/index.php\/proizvod\/peppa-pig-igracka-ucimo-engleski\/"},"modified":"2026-04-21T00:27:08","modified_gmt":"2026-04-21T00:27:08","slug":"peppa-pig-igracka-ucimo-engleski","status":"publish","type":"product","link":"https:\/\/singuli.wpress.me\/index.php\/proizvod\/peppa-pig-igracka-ucimo-engleski\/","title":{"rendered":"PEPPA PIG, igra\u010dka, u\u010dimo engleski"},"content":{"rendered":"<p>U\u010dimo engleski uz Peppu Pig!<\/p>\n<p>Igra\u010dka je namijenjena za \u201eigru uloga\u201c.<\/p>\n<p>26 kocaka, 61 naljepnica; podloge za crtanje; sa stra\u017enje strane pakiranja izre\u017ei podlogu za igranje<\/p>\n<p>Dob: 3+ godine<\/p>\n","protected":false},"excerpt":{"rendered":"<p>Sadr\u017ei vi\u0161e komponenti<br \/>\nEdukativna igra<br \/>\nDob: 3+ god<\/p>\n","protected":false},"featured_media":0,"template":"","meta":{"_seopress_robots_primary_cat":"","_seopress_titles_title":"","_seopress_titles_desc":"","_seopress_robots_index":"","iawp_total_views":0},"product_brand":[351],"product_cat":[274,238],"product_tag":[],"class_list":{"0":"post-41243","1":"product","2":"type-product","3":"status-publish","5":"product_brand-peppa-pig","6":"product_cat-kucanski-pribor-238","7":"product_cat-sve-za-dom","9":"first","10":"outofstock","11":"shipping-taxable","12":"purchasable","13":"product-type-simple"},"_links":{"self":[{"href":"https:\/\/singuli.wpress.me\/index.php\/wp-json\/wp\/v2\/product\/41243","targetHints":{"allow":["GET"]}}],"collection":[{"href":"https:\/\/singuli.wpress.me\/index.php\/wp-json\/wp\/v2\/product"}],"about":[{"href":"https:\/\/singuli.wpress.me\/index.php\/wp-json\/wp\/v2\/types\/product"}],"version-history":[{"count":0,"href":"https:\/\/singuli.wpress.me\/index.php\/wp-json\/wp\/v2\/product\/41243\/revisions"}],"wp:attachment":[{"href":"https:\/\/singuli.wpress.me\/index.php\/wp-json\/wp\/v2\/media?parent=41243"}],"wp:term":[{"taxonomy":"product_brand","embeddable":true,"href":"https:\/\/singuli.wpress.me\/index.php\/wp-json\/wp\/v2\/product_brand?post=41243"},{"taxonomy":"product_cat","embeddable":true,"href":"https:\/\/singuli.wpress.me\/index.php\/wp-json\/wp\/v2\/product_cat?post=41243"},{"taxonomy":"product_tag","embeddable":true,"href":"https:\/\/singuli.wpress.me\/index.php\/wp-json\/wp\/v2\/product_tag?post=41243"}],"curies":[{"name":"wp","href":"https:\/\/api.w.org\/{rel}","templated":true}]}}