{"id":41247,"date":"2026-04-19T15:20:28","date_gmt":"2026-04-19T15:20:28","guid":{"rendered":"https:\/\/singuli.wpress.me\/index.php\/proizvod\/bissell-multireach-21v-usisavac\/"},"modified":"2026-04-20T12:33:36","modified_gmt":"2026-04-20T12:33:36","slug":"bissell-multireach-21v-usisavac","status":"publish","type":"product","link":"https:\/\/singuli.wpress.me\/index.php\/proizvod\/bissell-multireach-21v-usisavac\/","title":{"rendered":"BISSELL Multireach 21V, usisava\u010d"},"content":{"rendered":"<p>Predstavljamo ru\u010dni uspravni usisava\u010d Bissel MultiReach Active 21V za u\u010dinkovito i svestrano be\u017ei\u010dno \u010di\u0161\u0107enje bez obloga od dlaka. Napravljen s patentiranom \u010detkom koja se ne petlja, nema potrebe za \u0161karama za uklanjanje neugodnog zapetljanja dlaka oko \u010detki. MultiReach Active 21V nudi svestranost za prelazak iz sobe u sobu u va\u0161oj ku\u0107i bez problema s kabelom.<\/p>\n<p>Pretvara se u ru\u010dni usisava\u010d za \u010di\u0161\u0107enje presvlaka, stepenica i drugih mekih povr\u0161ina u va\u0161em domu. Tako\u0111er se mo\u017ee koristiti kao nastavak za dosezanje visokih i niskih te\u0161ko dostupnih podru\u010dja.<\/p>\n<p>Vi\u0161estupanjska filtracija s filtrom koji se mo\u017ee prati poma\u017ee uhvatiti \u010destice pra\u0161ine. Nakon \u0161to zavr\u0161ite s \u010di\u0161\u0107enjem, odr\u017eavanje ovog usisava\u010da je jednostavno sa zna\u010dajkama kao \u0161to su Easy Empty spremnik za prljav\u0161tinu, CleanSlide tehnologija i filtar koji se mo\u017ee prati. MultiReach Active 21V be\u017ei\u010dni usisava\u010d uklju\u010duje \u010detku za pra\u0161inu i alat za procjepe koji se spremaju izravno na zidni nosa\u010d, tako da je sve na jednom mjestu sljede\u0107i put kada usisavate.<\/p>\n<p>Glavne prednosti:<br \/>\n&#8211; Patentirani dizajn motorizirane \u010detke otporan je na zapetljavanje tijekom \u010di\u0161\u0107enja<br \/>\n&#8211; 2-u-1 usisava\u010d &#8211; ru\u010dni ili uspravni usisava\u010d<br \/>\n&#8211; Easy Empty spremnik za prljav\u0161tinu s tehnologijom CleanSlide &#8211; pra\u017enjenje pra\u0161ine i prljav\u0161tine bez nereda<br \/>\n&#8211; LED svjetlo u podno\u017eju \u010detke za bolju vidljivost \u010di\u0161\u0107enja<br \/>\n&#8211; Do 30 minuta u\u010dinkovitog be\u017ei\u010dnog \u010di\u0161\u0107enja s 21V litij-ionskom baterijom (ovisno o na\u010dinu \u010di\u0161\u0107enja i kori\u0161tenju dodatne opreme)<br \/>\n&#8211; Filtri poma\u017eu uhvatiti \u010destice pra\u0161ine tijekom \u010di\u0161\u0107enja, a tako\u0111er se mogu prati, tako da je odr\u017eavanje jednostavno<\/p>\n<p>Tehni\u010dke specifikacije:<br \/>\n&#8211; Usisna snaga: 21,7 W<br \/>\n&#8211; Uklju\u010deni prilozi: 4<br \/>\n&#8211; Vrijeme punjenja: 5 sati<br \/>\n&#8211; Razina buke: 81,3 dB<br \/>\n&#8211; Te\u017eina (prazan): 3,63 kg<\/p>\n","protected":false},"excerpt":{"rendered":"<p>U\u010dinkovito i svestrano be\u017ei\u010dno \u010di\u0161\u0107enje bez obloga od dlaka<br \/>\nPatentirani dizajn motorizirane \u010detke otporan je na zapetljavanje tijekom \u010di\u0161\u0107enja<br \/>\nDo 30 minuta u\u010dinkovitog be\u017ei\u010dnog \u010di\u0161\u0107enja<\/p>\n","protected":false},"featured_media":0,"template":"","meta":{"_seopress_robots_primary_cat":"","_seopress_titles_title":"","_seopress_titles_desc":"","_seopress_robots_index":"","iawp_total_views":0},"product_brand":[819],"product_cat":[160,271],"product_tag":[],"class_list":{"0":"post-41247","1":"product","2":"type-product","3":"status-publish","5":"product_brand-bissell","6":"product_cat-mali-kucanski-aparati","7":"product_cat-usisavaci-i-ciscenje-160","9":"first","10":"outofstock","11":"shipping-taxable","12":"purchasable","13":"product-type-simple"},"_links":{"self":[{"href":"https:\/\/singuli.wpress.me\/index.php\/wp-json\/wp\/v2\/product\/41247","targetHints":{"allow":["GET"]}}],"collection":[{"href":"https:\/\/singuli.wpress.me\/index.php\/wp-json\/wp\/v2\/product"}],"about":[{"href":"https:\/\/singuli.wpress.me\/index.php\/wp-json\/wp\/v2\/types\/product"}],"version-history":[{"count":0,"href":"https:\/\/singuli.wpress.me\/index.php\/wp-json\/wp\/v2\/product\/41247\/revisions"}],"wp:attachment":[{"href":"https:\/\/singuli.wpress.me\/index.php\/wp-json\/wp\/v2\/media?parent=41247"}],"wp:term":[{"taxonomy":"product_brand","embeddable":true,"href":"https:\/\/singuli.wpress.me\/index.php\/wp-json\/wp\/v2\/product_brand?post=41247"},{"taxonomy":"product_cat","embeddable":true,"href":"https:\/\/singuli.wpress.me\/index.php\/wp-json\/wp\/v2\/product_cat?post=41247"},{"taxonomy":"product_tag","embeddable":true,"href":"https:\/\/singuli.wpress.me\/index.php\/wp-json\/wp\/v2\/product_tag?post=41247"}],"curies":[{"name":"wp","href":"https:\/\/api.w.org\/{rel}","templated":true}]}}