{"id":41254,"date":"2026-04-19T15:20:31","date_gmt":"2026-04-19T15:20:31","guid":{"rendered":"https:\/\/singuli.wpress.me\/index.php\/proizvod\/helix-hx8-ect-c3oem-5w30-motorno-ulje-za-osobna-vozila-20-l\/"},"modified":"2026-04-20T12:33:36","modified_gmt":"2026-04-20T12:33:36","slug":"helix-hx8-ect-c3oem-5w30-motorno-ulje-za-osobna-vozila-20-l","status":"publish","type":"product","link":"https:\/\/singuli.wpress.me\/index.php\/proizvod\/helix-hx8-ect-c3oem-5w30-motorno-ulje-za-osobna-vozila-20-l\/","title":{"rendered":"HELIX HX8 ECT C3+OEM 5W30, motorno ulje za osobna vozila, 20\u00a0l"},"content":{"rendered":"<p>Potpuno sinteti\u010dko motorno ulje formulirano na naprednoj Shell Emissions Compatible tehnologiji koja osigurava odli\u010dne performanse, \u010disto\u0107u filtera krutih \u010destica (DPF) kao i performanse motora. <\/p>\n<p>Smanjeno trenje osigurava u\u0161tedu u potro\u0161nji goriva.<\/p>\n<p><span style=\"font-weight: bold\">Specifikacija:<\/span> API SN, ACEA C3, VW 504.00\/507.00, MB odobrenje 229.31, 229.51.<\/p>\n","protected":false},"excerpt":{"rendered":"<p>Odr\u017eava \u010disto\u0107u filtera krutih \u010destica<br \/>\nSmanjuje trenje<br \/>\nSpecifikacija u opisu<\/p>\n","protected":false},"featured_media":0,"template":"","meta":{"_seopress_robots_primary_cat":"","_seopress_titles_title":"","_seopress_titles_desc":"","_seopress_robots_index":"","iawp_total_views":0},"product_brand":[398],"product_cat":[243,272],"product_tag":[],"class_list":{"0":"post-41254","1":"product","2":"type-product","3":"status-publish","5":"product_brand-helix","6":"product_cat-automobili-i-motori","7":"product_cat-motorna-ulja-243","9":"first","10":"instock","11":"shipping-taxable","12":"purchasable","13":"product-type-simple"},"_links":{"self":[{"href":"https:\/\/singuli.wpress.me\/index.php\/wp-json\/wp\/v2\/product\/41254","targetHints":{"allow":["GET"]}}],"collection":[{"href":"https:\/\/singuli.wpress.me\/index.php\/wp-json\/wp\/v2\/product"}],"about":[{"href":"https:\/\/singuli.wpress.me\/index.php\/wp-json\/wp\/v2\/types\/product"}],"version-history":[{"count":0,"href":"https:\/\/singuli.wpress.me\/index.php\/wp-json\/wp\/v2\/product\/41254\/revisions"}],"wp:attachment":[{"href":"https:\/\/singuli.wpress.me\/index.php\/wp-json\/wp\/v2\/media?parent=41254"}],"wp:term":[{"taxonomy":"product_brand","embeddable":true,"href":"https:\/\/singuli.wpress.me\/index.php\/wp-json\/wp\/v2\/product_brand?post=41254"},{"taxonomy":"product_cat","embeddable":true,"href":"https:\/\/singuli.wpress.me\/index.php\/wp-json\/wp\/v2\/product_cat?post=41254"},{"taxonomy":"product_tag","embeddable":true,"href":"https:\/\/singuli.wpress.me\/index.php\/wp-json\/wp\/v2\/product_tag?post=41254"}],"curies":[{"name":"wp","href":"https:\/\/api.w.org\/{rel}","templated":true}]}}