{"id":41256,"date":"2026-04-19T15:20:32","date_gmt":"2026-04-19T15:20:32","guid":{"rendered":"https:\/\/singuli.wpress.me\/index.php\/proizvod\/ambi-pur-3volution-punjenje-za-elektricni-aparat-spiced-apple-20-ml\/"},"modified":"2026-04-20T12:33:36","modified_gmt":"2026-04-20T12:33:36","slug":"ambi-pur-3volution-punjenje-za-elektricni-aparat-spiced-apple-20-ml","status":"publish","type":"product","link":"https:\/\/singuli.wpress.me\/index.php\/proizvod\/ambi-pur-3volution-punjenje-za-elektricni-aparat-spiced-apple-20-ml\/","title":{"rendered":"AMBI PUR 3VOLUTION, punjenje za elektri\u010dni aparat, Spiced Apple, 20\u00a0ml"},"content":{"rendered":"<p>Ambi Pur 3Volution Spiced Apple kontinuirano uklanja neugodne mirise i izmjenjuje 3 komplementarna mirisa za svje\u017einu koju \u0107ete stalno primje\u0107ivati. Traje do 90 dana (ako se upotrebljava 12 sati dnevno na minimalnoj postavci). Otkrijte ljepotu varijente Spiced Apple s intenzivnijim mirisom koji dopire jo\u0161 dalje kako bi cijelu prostoriju ispunio mirisom. <\/p>\n<p>Ova kombinacija gurmanske jabuke s da\u0161kom cimeta i klin\u010di\u0107a obogatit \u0107e va\u0161 dom mirisom svje\u017ee ispe\u010dene \u0161trudle od jabuka.. Opustite se i smirite dok ovaj \u010dist i nje\u017ean miris ispunjava zrak. Uz uobi\u010dajene elektri\u010dne osvje\u017eiva\u010de zraka jako se brzo naviknemo na mirise, \u0161to zna\u010di da ih s vremenom prestajemo primje\u0107ivati. <\/p>\n<p>Osvje\u017eiva\u010di prostora Ambi Pur 3Volution rje\u0161avaju taj problem neprekidnim i automatskim izmjenjivanjem 3 izuzetno kvalitetna i komplementarna mirisa svakih 45 minuta. Zamjenske ulo\u0161ke Ambi Pur 3Volution upotrebljavajte s ure\u0111ajem Ambi Pur 3Volution i ispunite svoj dom svje\u017einom i mirisom koje \u0107ete primje\u0107ivati dan za danom, tjedan za tjednom. <\/p>\n<p>3Volution tako\u0111er omogu\u0107uje pode\u0161avanje razine osloba\u0111anja mirisa i tako vam poma\u017ee da stvorite atmosferu kakvu \u017eelite, kad \u017eelite.<\/p>\n","protected":false},"excerpt":{"rendered":"<p>Uklanja neugodne mirise i mijenja tri komplementarna mirisa za primjetnu svje\u017einu<br \/>\nTraje 90 dana (kada se koristi 12 sati dnevno na niskoj razini)<br \/>\nS notama cimeta i klin\u010di\u0107a<\/p>\n","protected":false},"featured_media":0,"template":"","meta":{"_seopress_robots_primary_cat":"","_seopress_titles_title":"","_seopress_titles_desc":"","_seopress_robots_index":"","iawp_total_views":0},"product_brand":[743],"product_cat":[243,272],"product_tag":[],"class_list":{"0":"post-41256","1":"product","2":"type-product","3":"status-publish","5":"product_brand-ambi-pur-3volution","6":"product_cat-automobili-i-motori","7":"product_cat-motorna-ulja-243","9":"first","10":"outofstock","11":"shipping-taxable","12":"purchasable","13":"product-type-simple"},"_links":{"self":[{"href":"https:\/\/singuli.wpress.me\/index.php\/wp-json\/wp\/v2\/product\/41256","targetHints":{"allow":["GET"]}}],"collection":[{"href":"https:\/\/singuli.wpress.me\/index.php\/wp-json\/wp\/v2\/product"}],"about":[{"href":"https:\/\/singuli.wpress.me\/index.php\/wp-json\/wp\/v2\/types\/product"}],"version-history":[{"count":0,"href":"https:\/\/singuli.wpress.me\/index.php\/wp-json\/wp\/v2\/product\/41256\/revisions"}],"wp:attachment":[{"href":"https:\/\/singuli.wpress.me\/index.php\/wp-json\/wp\/v2\/media?parent=41256"}],"wp:term":[{"taxonomy":"product_brand","embeddable":true,"href":"https:\/\/singuli.wpress.me\/index.php\/wp-json\/wp\/v2\/product_brand?post=41256"},{"taxonomy":"product_cat","embeddable":true,"href":"https:\/\/singuli.wpress.me\/index.php\/wp-json\/wp\/v2\/product_cat?post=41256"},{"taxonomy":"product_tag","embeddable":true,"href":"https:\/\/singuli.wpress.me\/index.php\/wp-json\/wp\/v2\/product_tag?post=41256"}],"curies":[{"name":"wp","href":"https:\/\/api.w.org\/{rel}","templated":true}]}}