{"id":41257,"date":"2026-04-19T15:20:32","date_gmt":"2026-04-19T15:20:32","guid":{"rendered":"https:\/\/singuli.wpress.me\/index.php\/proizvod\/clearblue-rani-test-za-utvrdivanje-trudnoce-1-kom\/"},"modified":"2026-04-20T12:33:36","modified_gmt":"2026-04-20T12:33:36","slug":"clearblue-rani-test-za-utvrdivanje-trudnoce-1-kom","status":"publish","type":"product","link":"https:\/\/singuli.wpress.me\/index.php\/proizvod\/clearblue-rani-test-za-utvrdivanje-trudnoce-1-kom\/","title":{"rendered":"CLEARBLUE, Rani test za utvr\u0111ivanje trudno\u0107e, 1\u00a0kom"},"content":{"rendered":"<p>Za rano testiranje, testiranje se mo\u017ee obaviti 6 dana ranije.<\/p>\n<p>Clearblue\u00a9 rani test za otkrivanje trudno\u0107e najosjetljiviji je od Clearblue testova, \u0161to zna\u010di da se mo\u017eete testirati do 6 dana prije izostale mjese\u010dnice. <\/p>\n<p>Clearblue rani test za utvr\u0111ivanje trudno\u0107e osmi\u0161ljen je kako bi pru\u017eio najjednostavnije iskustvo testiranja na trudno\u0107u, uz pouzdanost koja se o\u010dekuje od testa Clearblue i to 6 dana prije izostanka mjese\u010dnice.  <\/p>\n<p>Vi\u0161e od 99% to\u010dan. Ergonomski je oblikovan.<\/p>\n<p>Ima jedinstvenu FloodguardTM tehnologiju, koja smanjuje  pogre\u0161ku testa, zbog prekomjerne absorpcije uzorka. Jasan prikaz rezultata: 2 crtice  ukoliko je trudno\u0107a, 1 crtica ukoliko nema trudno\u0107e<\/p>\n","protected":false},"excerpt":{"rendered":"<p>Clearblue rani test za utvr\u0111ivanje trudno\u0107e<br \/>\nZa rano testiranje 6 dana prije izostanka mjese\u010dnice.<br \/>\nIma jedinstvenu FloodguardTM tehnologiju, koja smanjuje  pogre\u0161ku testa, zbog prekomjerne absorpcije uzorka<\/p>\n","protected":false},"featured_media":0,"template":"","meta":{"_seopress_robots_primary_cat":"","_seopress_titles_title":"","_seopress_titles_desc":"","_seopress_robots_index":"","iawp_total_views":0},"product_brand":[753],"product_cat":[211,289],"product_tag":[],"class_list":{"0":"post-41257","1":"product","2":"type-product","3":"status-publish","5":"product_brand-clearblue","6":"product_cat-njega-majke-i-djeteta","7":"product_cat-trudnoca-i-vitamini-211","9":"first","10":"instock","11":"shipping-taxable","12":"purchasable","13":"product-type-simple"},"_links":{"self":[{"href":"https:\/\/singuli.wpress.me\/index.php\/wp-json\/wp\/v2\/product\/41257","targetHints":{"allow":["GET"]}}],"collection":[{"href":"https:\/\/singuli.wpress.me\/index.php\/wp-json\/wp\/v2\/product"}],"about":[{"href":"https:\/\/singuli.wpress.me\/index.php\/wp-json\/wp\/v2\/types\/product"}],"version-history":[{"count":0,"href":"https:\/\/singuli.wpress.me\/index.php\/wp-json\/wp\/v2\/product\/41257\/revisions"}],"wp:attachment":[{"href":"https:\/\/singuli.wpress.me\/index.php\/wp-json\/wp\/v2\/media?parent=41257"}],"wp:term":[{"taxonomy":"product_brand","embeddable":true,"href":"https:\/\/singuli.wpress.me\/index.php\/wp-json\/wp\/v2\/product_brand?post=41257"},{"taxonomy":"product_cat","embeddable":true,"href":"https:\/\/singuli.wpress.me\/index.php\/wp-json\/wp\/v2\/product_cat?post=41257"},{"taxonomy":"product_tag","embeddable":true,"href":"https:\/\/singuli.wpress.me\/index.php\/wp-json\/wp\/v2\/product_tag?post=41257"}],"curies":[{"name":"wp","href":"https:\/\/api.w.org\/{rel}","templated":true}]}}