{"id":41260,"date":"2026-04-19T15:20:33","date_gmt":"2026-04-19T15:20:33","guid":{"rendered":"https:\/\/singuli.wpress.me\/index.php\/proizvod\/lenor-unstoppables-scent-of-ariel-mirisne-perlice-210-g\/"},"modified":"2026-04-20T12:33:36","modified_gmt":"2026-04-20T12:33:36","slug":"lenor-unstoppables-scent-of-ariel-mirisne-perlice-210-g","status":"publish","type":"product","link":"https:\/\/singuli.wpress.me\/index.php\/proizvod\/lenor-unstoppables-scent-of-ariel-mirisne-perlice-210-g\/","title":{"rendered":"LENOR Unstoppables Scent Of Ariel, mirisne perlice, 210\u00a0g"},"content":{"rendered":"<p>Dostupne u razli\u010ditim mirisnim varijantama, sve mirisne perlice Lenor Unstoppables oboga\u0107uju va\u0161e rublje intenzivnijim mirisom svje\u017eine pri svakom pranju. <\/p>\n<p>Mirisne perlice Lenor Unstoppables iz pranja u pranje odr\u017eavaju intenzivnu svje\u017einu rublja do 12 tjedana (u ormaru) tako da je odje\u0107a uvijek spremna za no\u0161enje i pro\u017eeta va\u0161im omiljenim mirisom. <\/p>\n<p>Na\u0161i stru\u010dnjaci za mirise preporu\u010duju Lenor Unstoppables Scent of Ariel kao modernu interpretaciju tradicionalnog bijelog cvjetnog parfema. <\/p>\n<p>Ovaj jedinstveni buket frezije, ljubice i ru\u017ee okru\u017euje jezgru koja pr\u0161ti tradicionalnim \u010distim sna\u017enim zelenim aromati\u010dnim i aldehidnim svje\u017eim notama. Sve to po\u010diva na bazi od toplih, umiruju\u0107ih nota drvenaste ambre koja uravnote\u017euje ovaj rasko\u0161an miris.<\/p>\n","protected":false},"excerpt":{"rendered":"<p>Unosi svje\u017einu u svako pranje<br \/>\nZadr\u017eava miris do 12 tjedana<br \/>\nOdje\u0107a uvijek spremna za no\u0161enje<\/p>\n","protected":false},"featured_media":0,"template":"","meta":{"_seopress_robots_primary_cat":"","_seopress_titles_title":"","_seopress_titles_desc":"","_seopress_robots_index":"","iawp_total_views":0},"product_brand":[446],"product_cat":[283,238],"product_tag":[],"class_list":{"0":"post-41260","1":"product","2":"type-product","3":"status-publish","5":"product_brand-lenor","6":"product_cat-pranje-rublja-238","7":"product_cat-sve-za-dom","9":"first","10":"outofstock","11":"shipping-taxable","12":"purchasable","13":"product-type-simple"},"_links":{"self":[{"href":"https:\/\/singuli.wpress.me\/index.php\/wp-json\/wp\/v2\/product\/41260","targetHints":{"allow":["GET"]}}],"collection":[{"href":"https:\/\/singuli.wpress.me\/index.php\/wp-json\/wp\/v2\/product"}],"about":[{"href":"https:\/\/singuli.wpress.me\/index.php\/wp-json\/wp\/v2\/types\/product"}],"version-history":[{"count":0,"href":"https:\/\/singuli.wpress.me\/index.php\/wp-json\/wp\/v2\/product\/41260\/revisions"}],"wp:attachment":[{"href":"https:\/\/singuli.wpress.me\/index.php\/wp-json\/wp\/v2\/media?parent=41260"}],"wp:term":[{"taxonomy":"product_brand","embeddable":true,"href":"https:\/\/singuli.wpress.me\/index.php\/wp-json\/wp\/v2\/product_brand?post=41260"},{"taxonomy":"product_cat","embeddable":true,"href":"https:\/\/singuli.wpress.me\/index.php\/wp-json\/wp\/v2\/product_cat?post=41260"},{"taxonomy":"product_tag","embeddable":true,"href":"https:\/\/singuli.wpress.me\/index.php\/wp-json\/wp\/v2\/product_tag?post=41260"}],"curies":[{"name":"wp","href":"https:\/\/api.w.org\/{rel}","templated":true}]}}