{"id":41261,"date":"2026-04-19T15:20:34","date_gmt":"2026-04-19T15:20:34","guid":{"rendered":"https:\/\/singuli.wpress.me\/index.php\/proizvod\/tuban-slime-diy-set-sjaji-u-mraku\/"},"modified":"2026-04-20T12:33:36","modified_gmt":"2026-04-20T12:33:36","slug":"tuban-slime-diy-set-sjaji-u-mraku","status":"publish","type":"product","link":"https:\/\/singuli.wpress.me\/index.php\/proizvod\/tuban-slime-diy-set-sjaji-u-mraku\/","title":{"rendered":"TUBAN Slime, DIY set, sjaji u mraku"},"content":{"rendered":"<p>DIY Tuban osnovni set za SLIME.<\/p>\n<p>Sve \u0161to treba\u0161 za svog osobnog Slime-i\u0107a.<\/p>\n<p>Ovaj skoro gotovi SLIME idealan je za senzoriku.<\/p>\n<p>100 ml PVA ljepila sa mirisom, 100 ml aktivatora, \u0161ljokice, \u017eli\u010dica za mije\u0161anje, spremi\u0161te da ti Slime ostane neisu\u0161en!<\/p>\n<p>I zabava mo\u017ee po\u010deti!<\/p>\n<p>DOB: 6+<\/p>\n","protected":false},"excerpt":{"rendered":"<p>Idealan set za senzoriku<br \/>\nSadr\u017ei vi\u0161e komponenti<br \/>\nDob: 6+god<\/p>\n","protected":false},"featured_media":0,"template":"","meta":{"_seopress_robots_primary_cat":"","_seopress_titles_title":"","_seopress_titles_desc":"","_seopress_robots_index":"","iawp_total_views":0},"product_brand":[492],"product_cat":[221,291],"product_tag":[],"class_list":{"0":"post-41261","1":"product","2":"type-product","3":"status-publish","5":"product_brand-tuban","6":"product_cat-igracke","7":"product_cat-igracke-za-djecu-221","9":"first","10":"outofstock","11":"shipping-taxable","12":"purchasable","13":"product-type-simple"},"_links":{"self":[{"href":"https:\/\/singuli.wpress.me\/index.php\/wp-json\/wp\/v2\/product\/41261","targetHints":{"allow":["GET"]}}],"collection":[{"href":"https:\/\/singuli.wpress.me\/index.php\/wp-json\/wp\/v2\/product"}],"about":[{"href":"https:\/\/singuli.wpress.me\/index.php\/wp-json\/wp\/v2\/types\/product"}],"version-history":[{"count":0,"href":"https:\/\/singuli.wpress.me\/index.php\/wp-json\/wp\/v2\/product\/41261\/revisions"}],"wp:attachment":[{"href":"https:\/\/singuli.wpress.me\/index.php\/wp-json\/wp\/v2\/media?parent=41261"}],"wp:term":[{"taxonomy":"product_brand","embeddable":true,"href":"https:\/\/singuli.wpress.me\/index.php\/wp-json\/wp\/v2\/product_brand?post=41261"},{"taxonomy":"product_cat","embeddable":true,"href":"https:\/\/singuli.wpress.me\/index.php\/wp-json\/wp\/v2\/product_cat?post=41261"},{"taxonomy":"product_tag","embeddable":true,"href":"https:\/\/singuli.wpress.me\/index.php\/wp-json\/wp\/v2\/product_tag?post=41261"}],"curies":[{"name":"wp","href":"https:\/\/api.w.org\/{rel}","templated":true}]}}