{"id":41264,"date":"2026-04-19T15:20:36","date_gmt":"2026-04-19T15:20:36","guid":{"rendered":"https:\/\/singuli.wpress.me\/index.php\/proizvod\/lavazza-espresso-salica-12-kom\/"},"modified":"2026-04-21T00:27:08","modified_gmt":"2026-04-21T00:27:08","slug":"lavazza-espresso-salica-12-kom","status":"publish","type":"product","link":"https:\/\/singuli.wpress.me\/index.php\/proizvod\/lavazza-espresso-salica-12-kom\/","title":{"rendered":"LAVAZZA Espresso, \u0161alica, 12\u00a0kom"},"content":{"rendered":"<p>Elegantna \u0161alica izra\u0111ena od <b>bijele keramike<\/b>, idealna za poslu\u017eivanje espressa. Njezin je oblik dizajna <b>skra\u0107enog sto\u0161ca<\/b>, \u0161to je klju\u010dno za zadr\u017eavanje \u010dvrste i postojane espresso kreme. \u0160alice dolaze u pakiranju od 12 komada.<\/p>\n","protected":false},"excerpt":{"rendered":"<p>Kvalitetna bijela keramika<br \/>\nOblik skra\u0107enog sto\u0161ca za \u010dvrstu espresso kremu<br \/>\nSet od 12 \u0161alica<\/p>\n","protected":false},"featured_media":0,"template":"","meta":{"_seopress_robots_primary_cat":"","_seopress_titles_title":"","_seopress_titles_desc":"","_seopress_robots_index":"","iawp_total_views":0},"product_brand":[393],"product_cat":[274,238],"product_tag":[],"class_list":{"0":"post-41264","1":"product","2":"type-product","3":"status-publish","5":"product_brand-lavazza","6":"product_cat-kucanski-pribor-238","7":"product_cat-sve-za-dom","9":"first","10":"instock","11":"shipping-taxable","12":"purchasable","13":"product-type-simple"},"_links":{"self":[{"href":"https:\/\/singuli.wpress.me\/index.php\/wp-json\/wp\/v2\/product\/41264","targetHints":{"allow":["GET"]}}],"collection":[{"href":"https:\/\/singuli.wpress.me\/index.php\/wp-json\/wp\/v2\/product"}],"about":[{"href":"https:\/\/singuli.wpress.me\/index.php\/wp-json\/wp\/v2\/types\/product"}],"version-history":[{"count":0,"href":"https:\/\/singuli.wpress.me\/index.php\/wp-json\/wp\/v2\/product\/41264\/revisions"}],"wp:attachment":[{"href":"https:\/\/singuli.wpress.me\/index.php\/wp-json\/wp\/v2\/media?parent=41264"}],"wp:term":[{"taxonomy":"product_brand","embeddable":true,"href":"https:\/\/singuli.wpress.me\/index.php\/wp-json\/wp\/v2\/product_brand?post=41264"},{"taxonomy":"product_cat","embeddable":true,"href":"https:\/\/singuli.wpress.me\/index.php\/wp-json\/wp\/v2\/product_cat?post=41264"},{"taxonomy":"product_tag","embeddable":true,"href":"https:\/\/singuli.wpress.me\/index.php\/wp-json\/wp\/v2\/product_tag?post=41264"}],"curies":[{"name":"wp","href":"https:\/\/api.w.org\/{rel}","templated":true}]}}