{"id":41266,"date":"2026-04-19T15:20:37","date_gmt":"2026-04-19T15:20:37","guid":{"rendered":"https:\/\/singuli.wpress.me\/index.php\/proizvod\/mr-proper-professional-sredstvo-za-ciscenje-sanitarija-5-l\/"},"modified":"2026-04-20T12:33:36","modified_gmt":"2026-04-20T12:33:36","slug":"mr-proper-professional-sredstvo-za-ciscenje-sanitarija-5-l","status":"publish","type":"product","link":"https:\/\/singuli.wpress.me\/index.php\/proizvod\/mr-proper-professional-sredstvo-za-ciscenje-sanitarija-5-l\/","title":{"rendered":"MR. PROPER PROFESSIONAL, sredstvo za \u010di\u0161\u0107enje, sanitarija, 5\u00a0l"},"content":{"rendered":"<p>Vi\u0161enamjensko sredstvo za \u010di\u0161\u0107enje sanitarija Mr. Proper Professional je proizvod spreman za upotrebu, za svakodnevno \u010di\u0161\u0107enje kupaonskih povr\u0161ina. <\/p>\n<p>Preporu\u010duje se za u\u010dinkovito \u010di\u0161\u0107enje podova, plo\u010dica, umivaonika, tu\u0161eva, kada, toaleta, slavina, sudopera i ostale sanitarne opreme.<\/p>\n","protected":false},"excerpt":{"rendered":"<p>Temeljita \u010disto\u0107a<br \/>\nIntenzivna svje\u017eina<br \/>\nVelika u\u010dinkovitost<\/p>\n","protected":false},"featured_media":0,"template":"","meta":{"_seopress_robots_primary_cat":"","_seopress_titles_title":"","_seopress_titles_desc":"","_seopress_robots_index":"","iawp_total_views":0},"product_brand":[468],"product_cat":[284,238],"product_tag":[],"class_list":{"0":"post-41266","1":"product","2":"type-product","3":"status-publish","5":"product_brand-mr-proper-professional","6":"product_cat-sredstva-za-ciscenje-238","7":"product_cat-sve-za-dom","9":"first","10":"outofstock","11":"shipping-taxable","12":"purchasable","13":"product-type-simple"},"_links":{"self":[{"href":"https:\/\/singuli.wpress.me\/index.php\/wp-json\/wp\/v2\/product\/41266","targetHints":{"allow":["GET"]}}],"collection":[{"href":"https:\/\/singuli.wpress.me\/index.php\/wp-json\/wp\/v2\/product"}],"about":[{"href":"https:\/\/singuli.wpress.me\/index.php\/wp-json\/wp\/v2\/types\/product"}],"version-history":[{"count":0,"href":"https:\/\/singuli.wpress.me\/index.php\/wp-json\/wp\/v2\/product\/41266\/revisions"}],"wp:attachment":[{"href":"https:\/\/singuli.wpress.me\/index.php\/wp-json\/wp\/v2\/media?parent=41266"}],"wp:term":[{"taxonomy":"product_brand","embeddable":true,"href":"https:\/\/singuli.wpress.me\/index.php\/wp-json\/wp\/v2\/product_brand?post=41266"},{"taxonomy":"product_cat","embeddable":true,"href":"https:\/\/singuli.wpress.me\/index.php\/wp-json\/wp\/v2\/product_cat?post=41266"},{"taxonomy":"product_tag","embeddable":true,"href":"https:\/\/singuli.wpress.me\/index.php\/wp-json\/wp\/v2\/product_tag?post=41266"}],"curies":[{"name":"wp","href":"https:\/\/api.w.org\/{rel}","templated":true}]}}