{"id":41273,"date":"2026-04-19T15:20:43","date_gmt":"2026-04-19T15:20:43","guid":{"rendered":"https:\/\/singuli.wpress.me\/index.php\/proizvod\/jar-professional-sensitive-tekuci-deterdzent-za-pranje-suda-5-l\/"},"modified":"2026-04-20T12:33:36","modified_gmt":"2026-04-20T12:33:36","slug":"jar-professional-sensitive-tekuci-deterdzent-za-pranje-suda-5-l","status":"publish","type":"product","link":"https:\/\/singuli.wpress.me\/index.php\/proizvod\/jar-professional-sensitive-tekuci-deterdzent-za-pranje-suda-5-l\/","title":{"rendered":"JAR PROFESSIONAL Sensitive, teku\u0107i deterd\u017eent za pranje su\u0111a, 5\u00a0l"},"content":{"rendered":"<p>Teku\u0107i deterd\u017eent Jar Professional Sensitive koncentrirani je deterd\u017eent za namakanje i pranje posu\u0111a, lonaca i tava, pribora za jelo i drugih povr\u0161ina. <\/p>\n<p>Dugotrajno i u\u010dinkovito rje\u0161enje za pranje posu\u0111a.<\/p>\n","protected":false},"excerpt":{"rendered":"<p>Koncentrirani teku\u0107i deterd\u017eent za pranje i namakanje svih vrsta posu\u0111a<br \/>\nPogodno i za druge povr\u0161ine kao \u0161to su prozori, ogledala, stolovi i stolice<br \/>\nPreporu\u010da se za profesionalnu upotrebu<\/p>\n","protected":false},"featured_media":0,"template":"","meta":{"_seopress_robots_primary_cat":"","_seopress_titles_title":"","_seopress_titles_desc":"","_seopress_robots_index":"","iawp_total_views":0},"product_brand":[467],"product_cat":[314,238],"product_tag":[],"class_list":{"0":"post-41273","1":"product","2":"type-product","3":"status-publish","5":"product_brand-jar-professional","6":"product_cat-pranje-posuda-238","7":"product_cat-sve-za-dom","9":"first","10":"instock","11":"shipping-taxable","12":"purchasable","13":"product-type-simple"},"_links":{"self":[{"href":"https:\/\/singuli.wpress.me\/index.php\/wp-json\/wp\/v2\/product\/41273","targetHints":{"allow":["GET"]}}],"collection":[{"href":"https:\/\/singuli.wpress.me\/index.php\/wp-json\/wp\/v2\/product"}],"about":[{"href":"https:\/\/singuli.wpress.me\/index.php\/wp-json\/wp\/v2\/types\/product"}],"version-history":[{"count":0,"href":"https:\/\/singuli.wpress.me\/index.php\/wp-json\/wp\/v2\/product\/41273\/revisions"}],"wp:attachment":[{"href":"https:\/\/singuli.wpress.me\/index.php\/wp-json\/wp\/v2\/media?parent=41273"}],"wp:term":[{"taxonomy":"product_brand","embeddable":true,"href":"https:\/\/singuli.wpress.me\/index.php\/wp-json\/wp\/v2\/product_brand?post=41273"},{"taxonomy":"product_cat","embeddable":true,"href":"https:\/\/singuli.wpress.me\/index.php\/wp-json\/wp\/v2\/product_cat?post=41273"},{"taxonomy":"product_tag","embeddable":true,"href":"https:\/\/singuli.wpress.me\/index.php\/wp-json\/wp\/v2\/product_tag?post=41273"}],"curies":[{"name":"wp","href":"https:\/\/api.w.org\/{rel}","templated":true}]}}