{"id":41278,"date":"2026-04-19T15:20:45","date_gmt":"2026-04-19T15:20:45","guid":{"rendered":"https:\/\/singuli.wpress.me\/index.php\/proizvod\/make-it-real-chic-naljepnice-za-tenisice-leptirici\/"},"modified":"2026-04-20T12:33:36","modified_gmt":"2026-04-20T12:33:36","slug":"make-it-real-chic-naljepnice-za-tenisice-leptirici","status":"publish","type":"product","link":"https:\/\/singuli.wpress.me\/index.php\/proizvod\/make-it-real-chic-naljepnice-za-tenisice-leptirici\/","title":{"rendered":"MAKE IT REAL, Chic naljepnice, za tenisice &#8211; Leptiri\u0107i"},"content":{"rendered":"<p>Pretvori svoj svijet kreativnosti u stvarnost. Privremene tetova\u017ee za tvoje tenisice! Dodaj \u201e\u0161tih\u201c i otmjenost na svoju obu\u0107u sa ovim naljepnicama!   Za stvarno poseban do\u017eivljaj dodaj jo\u0161 i glitter vezice, leptir privjesak i ukrasi obu\u0107u raznim naljepnicama iz pakiranja!  <\/p>\n<p>SADR\u017dAJ: ukupno 224 dijelova: 210 odstranjivih dekorativnih naljepnica; ukrasni privjesci perle i vezice \u2013 2 dodatka u obliku leptirovih krila, 2 gumba-kop\u010de, 1 par vezica, 2 privjeska perle, 1 list \u201epuffy\u201c naljepnica, 1 list draguljastih naljepnica, 1 alat za aplikaciju, 3 aplikatora za naljepnice(2xA i 1xB), upute.  <\/p>\n<p>Preporu\u010dena dob: 8+<\/p>\n","protected":false},"excerpt":{"rendered":"<p>Privremene tetova\u017ee za tenisice<br \/>\nSadr\u017ei vi\u0161e komponenti<br \/>\nDob: 8+god<\/p>\n","protected":false},"featured_media":0,"template":"","meta":{"_seopress_robots_primary_cat":"","_seopress_titles_title":"","_seopress_titles_desc":"","_seopress_robots_index":"","iawp_total_views":0},"product_brand":[441],"product_cat":[221,291],"product_tag":[],"class_list":{"0":"post-41278","1":"product","2":"type-product","3":"status-publish","5":"product_brand-make-it-real","6":"product_cat-igracke","7":"product_cat-igracke-za-djecu-221","9":"first","10":"instock","11":"shipping-taxable","12":"purchasable","13":"product-type-simple"},"_links":{"self":[{"href":"https:\/\/singuli.wpress.me\/index.php\/wp-json\/wp\/v2\/product\/41278","targetHints":{"allow":["GET"]}}],"collection":[{"href":"https:\/\/singuli.wpress.me\/index.php\/wp-json\/wp\/v2\/product"}],"about":[{"href":"https:\/\/singuli.wpress.me\/index.php\/wp-json\/wp\/v2\/types\/product"}],"version-history":[{"count":0,"href":"https:\/\/singuli.wpress.me\/index.php\/wp-json\/wp\/v2\/product\/41278\/revisions"}],"wp:attachment":[{"href":"https:\/\/singuli.wpress.me\/index.php\/wp-json\/wp\/v2\/media?parent=41278"}],"wp:term":[{"taxonomy":"product_brand","embeddable":true,"href":"https:\/\/singuli.wpress.me\/index.php\/wp-json\/wp\/v2\/product_brand?post=41278"},{"taxonomy":"product_cat","embeddable":true,"href":"https:\/\/singuli.wpress.me\/index.php\/wp-json\/wp\/v2\/product_cat?post=41278"},{"taxonomy":"product_tag","embeddable":true,"href":"https:\/\/singuli.wpress.me\/index.php\/wp-json\/wp\/v2\/product_tag?post=41278"}],"curies":[{"name":"wp","href":"https:\/\/api.w.org\/{rel}","templated":true}]}}