{"id":41279,"date":"2026-04-19T15:20:46","date_gmt":"2026-04-19T15:20:46","guid":{"rendered":"https:\/\/singuli.wpress.me\/index.php\/proizvod\/neutro-roberts-manneti-delicate-deo-roll-on-powder-fresh-50-ml-2\/"},"modified":"2026-04-20T12:33:36","modified_gmt":"2026-04-20T12:33:36","slug":"neutro-roberts-manneti-delicate-deo-roll-on-powder-fresh-50-ml-2","status":"publish","type":"product","link":"https:\/\/singuli.wpress.me\/index.php\/proizvod\/neutro-roberts-manneti-delicate-deo-roll-on-powder-fresh-50-ml-2\/","title":{"rendered":"NEUTRO ROBERTS Manneti Delicate, deo roll-on, Powder Fresh, 50\u00a0ml"},"content":{"rendered":"<p>Neutro Roberts deo roll-on Powder Fresh je u\u010dinkovito rje\u0161enje za osvje\u017eavaju\u0107u njegu ko\u017ee, za\u0161titu od znojenja i neugodnih mirisa. <\/p>\n<p>Pru\u017ea va\u0161em tijelu 48 sati aktivne za\u0161tite od znojenja i neugodnih mirisa. <\/p>\n<p>Ne sadr\u017ei alkohol i pogodan je za kori\u0161tenje na razli\u010ditim tipovima ko\u017ee.<\/p>\n","protected":false},"excerpt":{"rendered":"<p>Napredna formula \u0161titi ko\u017eu od znojenja<br \/>\nSprje\u010dava nastanak neugodnih mirisa<br \/>\nOsigurava ugodnu svje\u017einu tijekom cijelog dana<\/p>\n","protected":false},"featured_media":0,"template":"","meta":{"_seopress_robots_primary_cat":"","_seopress_titles_title":"","_seopress_titles_desc":"","_seopress_robots_index":"","iawp_total_views":0},"product_brand":[412],"product_cat":[285,268],"product_tag":[],"class_list":{"0":"post-41279","1":"product","2":"type-product","3":"status-publish","5":"product_brand-neutro-roberts","6":"product_cat-dezodoransi-268","7":"product_cat-kozmetika-2","9":"first","10":"outofstock","11":"shipping-taxable","12":"purchasable","13":"product-type-simple"},"_links":{"self":[{"href":"https:\/\/singuli.wpress.me\/index.php\/wp-json\/wp\/v2\/product\/41279","targetHints":{"allow":["GET"]}}],"collection":[{"href":"https:\/\/singuli.wpress.me\/index.php\/wp-json\/wp\/v2\/product"}],"about":[{"href":"https:\/\/singuli.wpress.me\/index.php\/wp-json\/wp\/v2\/types\/product"}],"version-history":[{"count":0,"href":"https:\/\/singuli.wpress.me\/index.php\/wp-json\/wp\/v2\/product\/41279\/revisions"}],"wp:attachment":[{"href":"https:\/\/singuli.wpress.me\/index.php\/wp-json\/wp\/v2\/media?parent=41279"}],"wp:term":[{"taxonomy":"product_brand","embeddable":true,"href":"https:\/\/singuli.wpress.me\/index.php\/wp-json\/wp\/v2\/product_brand?post=41279"},{"taxonomy":"product_cat","embeddable":true,"href":"https:\/\/singuli.wpress.me\/index.php\/wp-json\/wp\/v2\/product_cat?post=41279"},{"taxonomy":"product_tag","embeddable":true,"href":"https:\/\/singuli.wpress.me\/index.php\/wp-json\/wp\/v2\/product_tag?post=41279"}],"curies":[{"name":"wp","href":"https:\/\/api.w.org\/{rel}","templated":true}]}}