{"id":41280,"date":"2026-04-19T15:20:47","date_gmt":"2026-04-19T15:20:47","guid":{"rendered":"https:\/\/singuli.wpress.me\/index.php\/proizvod\/glade-apple-cosy-cider-automatski-osvjezivac-zraka-269-ml\/"},"modified":"2026-04-20T12:33:36","modified_gmt":"2026-04-20T12:33:36","slug":"glade-apple-cosy-cider-automatski-osvjezivac-zraka-269-ml","status":"publish","type":"product","link":"https:\/\/singuli.wpress.me\/index.php\/proizvod\/glade-apple-cosy-cider-automatski-osvjezivac-zraka-269-ml\/","title":{"rendered":"GLADE Apple Cosy Cider, automatski osvje\u017eiva\u010d zraka, 269\u00a0ml"},"content":{"rendered":"<p>Glade\u00ae Automatski osvje\u017eiva\u010d zraka pru\u017ea pouzdanu svje\u017einu u svakoj prostoriji do 60 dana.<\/p>\n<p>Pakiranje sadr\u017ei: 1 automatski osvje\u017eiva\u010d zraka, 2x AA baterije i 1 punjenje<\/p>\n<p>Inspirirajte se blagdanskim mirisima zimskih za\u010dina i svje\u017eeg soka od jabuke te pokrenite dugoo\u010dekivanu zabavu u va\u0161em domu.<\/p>\n<p>Upute za kori\u0161tenje:<br \/>\n1. Postavke mjera\u010da vremena: Odaberite jednu od tri vremenske postavke za odabir u\u010destalosti otpu\u0161tanja mirisa: svakih 9, 18, 36 minuta.<br \/>\n2. Pritisnite gumb na stra\u017enjoj strani za da\u0161ak svje\u017eine.<br \/>\n3. Emisija mirisa svakih 36 minuta traje do 60 dana.<br \/>\n4. Ispravno umetnite baterije (+\/-). Koristite samo AA baterije.<br \/>\n5. Uvijek dr\u017eite usta osvje\u017eiva\u010da podalje od lica.<\/p>\n","protected":false},"excerpt":{"rendered":"<p>Set sadr\u017ei bazu i punjenje<br \/>\nMirisne note zimskih za\u010dina i svje\u017eeg soka od jabuke<br \/>\nDo 60 dana mirisa<\/p>\n","protected":false},"featured_media":0,"template":"","meta":{"_seopress_robots_primary_cat":"","_seopress_titles_title":"","_seopress_titles_desc":"","_seopress_robots_index":"","iawp_total_views":0},"product_brand":[405],"product_cat":[243,272],"product_tag":[],"class_list":{"0":"post-41280","1":"product","2":"type-product","3":"status-publish","5":"product_brand-glade","6":"product_cat-automobili-i-motori","7":"product_cat-motorna-ulja-243","9":"first","10":"outofstock","11":"shipping-taxable","12":"purchasable","13":"product-type-simple"},"_links":{"self":[{"href":"https:\/\/singuli.wpress.me\/index.php\/wp-json\/wp\/v2\/product\/41280","targetHints":{"allow":["GET"]}}],"collection":[{"href":"https:\/\/singuli.wpress.me\/index.php\/wp-json\/wp\/v2\/product"}],"about":[{"href":"https:\/\/singuli.wpress.me\/index.php\/wp-json\/wp\/v2\/types\/product"}],"version-history":[{"count":0,"href":"https:\/\/singuli.wpress.me\/index.php\/wp-json\/wp\/v2\/product\/41280\/revisions"}],"wp:attachment":[{"href":"https:\/\/singuli.wpress.me\/index.php\/wp-json\/wp\/v2\/media?parent=41280"}],"wp:term":[{"taxonomy":"product_brand","embeddable":true,"href":"https:\/\/singuli.wpress.me\/index.php\/wp-json\/wp\/v2\/product_brand?post=41280"},{"taxonomy":"product_cat","embeddable":true,"href":"https:\/\/singuli.wpress.me\/index.php\/wp-json\/wp\/v2\/product_cat?post=41280"},{"taxonomy":"product_tag","embeddable":true,"href":"https:\/\/singuli.wpress.me\/index.php\/wp-json\/wp\/v2\/product_tag?post=41280"}],"curies":[{"name":"wp","href":"https:\/\/api.w.org\/{rel}","templated":true}]}}