{"id":41282,"date":"2026-04-19T15:20:47","date_gmt":"2026-04-19T15:20:47","guid":{"rendered":"https:\/\/singuli.wpress.me\/index.php\/proizvod\/mysella-s5-n-40-ulje-za-plinske-motore-na-prirodni-plin-209-l\/"},"modified":"2026-04-20T12:33:36","modified_gmt":"2026-04-20T12:33:36","slug":"mysella-s5-n-40-ulje-za-plinske-motore-na-prirodni-plin-209-l","status":"publish","type":"product","link":"https:\/\/singuli.wpress.me\/index.php\/proizvod\/mysella-s5-n-40-ulje-za-plinske-motore-na-prirodni-plin-209-l\/","title":{"rendered":"MYSELLA S5 N 40 , ulje za plinske motore na prirodni plin, 209\u00a0l"},"content":{"rendered":"<p>Visokokvalitetno ulje visokih performansi namijenjeno za uporabu kod vrhunskih 4-taktnih plinskih motora sa svje\u0107icama, koji zahtijevaju ulje s niskim sadr\u017eajem pepela. Posebno je namijenjeno pru\u017eanju dugih intervala izmjene ulja kod plinskih motora gdje trajnost ulja ograni\u010dava radnu sposobnost motora. Shell Mysella S5 N je dizajnirana za tihi rad motora, \u010dime se osigurava rad motora pod punim optere\u0107enjem i optimalnom u\u010dinkovito\u0161\u0107u. Glavne primjene su mu u plinskim motorima sa svje\u0107icama, posebno motorima s visokim pritiskom ulja te se tako\u0111er smije koristiti za deponisjki plin i bioplinove.<\/p>\n<p>Specifikacija: Cummins (QSV 81G\/91G, QSK 60G), INNIO Jenbacher: serije 2,3,4 i CAT, serije 6 sve verzije klasa goriva A i CAT, serije 4 od verzije C klasa goriva B i C, serije 6 od verzije F klasa goriva B i C), Guascor FGLD, SFGLD; MAN D&amp;T, MAN T&amp;B M3271-2, MAN Standard M 3271-5; MTU serija 4000 L61, L62, L63, L64 i L32\/L33;  MTU Onsite 400; MWM plinski motori-TR 2105; MAK GCM 34 Kategorija 1; Rolls Royce KG-1, KG-2, KG-3, KG-4, BV-G, CR-G; Perkins serija 4000; Tedom; Wartsila W 34SG, W 50SG, W 20DF, W 32DF, W 34DF, W 50DF, W25SG, W 175SG, W 220SG; Waukesha Cogen i 220 GL. Caterpillar CG132, CG170, CG260-TR 2105, Ispunjava zahtjeve: Waukesha drugi tipovi plinskih motora i Caterpilllar stacionarni plinski motori.<\/p>\n","protected":false},"excerpt":{"rendered":"<p>Ulje namijenjeno za uporabu kod 4-taktnih plinskih motora sa svje\u0107icama<br \/>\nNiski sadr\u017eaj pepela<br \/>\nNamijenjeno je pru\u017eanju dugih intervala izmjene ulja kod plinskih motora gdje trajnost ulja ograni\u010dava radnu sposobnost motora<\/p>\n","protected":false},"featured_media":0,"template":"","meta":{"_seopress_robots_primary_cat":"","_seopress_titles_title":"","_seopress_titles_desc":"","_seopress_robots_index":"","iawp_total_views":0},"product_brand":[854],"product_cat":[243,276],"product_tag":[],"class_list":{"0":"post-41282","1":"product","2":"type-product","3":"status-publish","5":"product_brand-mysella","6":"product_cat-automobili-i-motori","7":"product_cat-industrijska-i-specijalna-ulja-243","9":"first","10":"outofstock","11":"shipping-taxable","12":"purchasable","13":"product-type-simple"},"_links":{"self":[{"href":"https:\/\/singuli.wpress.me\/index.php\/wp-json\/wp\/v2\/product\/41282","targetHints":{"allow":["GET"]}}],"collection":[{"href":"https:\/\/singuli.wpress.me\/index.php\/wp-json\/wp\/v2\/product"}],"about":[{"href":"https:\/\/singuli.wpress.me\/index.php\/wp-json\/wp\/v2\/types\/product"}],"version-history":[{"count":0,"href":"https:\/\/singuli.wpress.me\/index.php\/wp-json\/wp\/v2\/product\/41282\/revisions"}],"wp:attachment":[{"href":"https:\/\/singuli.wpress.me\/index.php\/wp-json\/wp\/v2\/media?parent=41282"}],"wp:term":[{"taxonomy":"product_brand","embeddable":true,"href":"https:\/\/singuli.wpress.me\/index.php\/wp-json\/wp\/v2\/product_brand?post=41282"},{"taxonomy":"product_cat","embeddable":true,"href":"https:\/\/singuli.wpress.me\/index.php\/wp-json\/wp\/v2\/product_cat?post=41282"},{"taxonomy":"product_tag","embeddable":true,"href":"https:\/\/singuli.wpress.me\/index.php\/wp-json\/wp\/v2\/product_tag?post=41282"}],"curies":[{"name":"wp","href":"https:\/\/api.w.org\/{rel}","templated":true}]}}