{"id":41284,"date":"2026-04-19T15:20:48","date_gmt":"2026-04-19T15:20:48","guid":{"rendered":"https:\/\/singuli.wpress.me\/index.php\/proizvod\/domo-do9143m-puur-stapni-mikser-bijeli\/"},"modified":"2026-04-20T12:33:36","modified_gmt":"2026-04-20T12:33:36","slug":"domo-do9143m-puur-stapni-mikser-bijeli","status":"publish","type":"product","link":"https:\/\/singuli.wpress.me\/index.php\/proizvod\/domo-do9143m-puur-stapni-mikser-bijeli\/","title":{"rendered":"DOMO DO9143M Puur, \u0161tapni mikser, bijeli"},"content":{"rendered":"<p>Domo Puur DO9143M ru\u010dni blender nezamjenjiv je kuhinjski alat za svakog kuhara, \u0161tedi vrijeme sjeckanja, mije\u0161anja i mu\u0107enja. Nudi kontrolu promjenjive brzine i ima turbo gumb. Uklju\u010duje uklonjivu nogu s o\u0161tricama od nehr\u0111aju\u0107eg \u010delika. Lako se \u010disti jer noga odgovara za pranje u perilici posu\u0111a.<\/p>\n","protected":false},"excerpt":{"rendered":"<p>Broj brzina: 2<br \/>\nUklonjiva noga<br \/>\nOdvojive o\u0161trice<\/p>\n","protected":false},"featured_media":0,"template":"","meta":{"_seopress_robots_primary_cat":"","_seopress_titles_title":"","_seopress_titles_desc":"","_seopress_robots_index":"","iawp_total_views":0},"product_brand":[255],"product_cat":[192,267],"product_tag":[],"class_list":{"0":"post-41284","1":"product","2":"type-product","3":"status-publish","5":"product_brand-domo","6":"product_cat-aparati-za-osobnu-njegu","7":"product_cat-zdravstveni-uredaji-192","9":"first","10":"outofstock","11":"shipping-taxable","12":"purchasable","13":"product-type-simple"},"_links":{"self":[{"href":"https:\/\/singuli.wpress.me\/index.php\/wp-json\/wp\/v2\/product\/41284","targetHints":{"allow":["GET"]}}],"collection":[{"href":"https:\/\/singuli.wpress.me\/index.php\/wp-json\/wp\/v2\/product"}],"about":[{"href":"https:\/\/singuli.wpress.me\/index.php\/wp-json\/wp\/v2\/types\/product"}],"version-history":[{"count":0,"href":"https:\/\/singuli.wpress.me\/index.php\/wp-json\/wp\/v2\/product\/41284\/revisions"}],"wp:attachment":[{"href":"https:\/\/singuli.wpress.me\/index.php\/wp-json\/wp\/v2\/media?parent=41284"}],"wp:term":[{"taxonomy":"product_brand","embeddable":true,"href":"https:\/\/singuli.wpress.me\/index.php\/wp-json\/wp\/v2\/product_brand?post=41284"},{"taxonomy":"product_cat","embeddable":true,"href":"https:\/\/singuli.wpress.me\/index.php\/wp-json\/wp\/v2\/product_cat?post=41284"},{"taxonomy":"product_tag","embeddable":true,"href":"https:\/\/singuli.wpress.me\/index.php\/wp-json\/wp\/v2\/product_tag?post=41284"}],"curies":[{"name":"wp","href":"https:\/\/api.w.org\/{rel}","templated":true}]}}